{"id":12928,"date":"2022-05-05T10:20:29","date_gmt":"2022-05-05T13:20:29","guid":{"rendered":"https:\/\/enoac.org.br\/2022\/?page_id=12928"},"modified":"2022-06-02T11:20:23","modified_gmt":"2022-06-02T14:20:23","slug":"09-de-junho-de-2022","status":"publish","type":"page","link":"https:\/\/enoac.org.br\/2022\/09-de-junho-de-2022\/","title":{"rendered":"09 de Junho de 2022"},"content":{"rendered":"\t\t<div data-elementor-type=\"wp-page\" data-elementor-id=\"12928\" class=\"elementor elementor-12928\">\n\t\t\t\t\t\t<section class=\"elementor-section elementor-top-section elementor-element elementor-element-2acc6b9 elementor-section-boxed elementor-section-height-default elementor-section-height-default\" data-id=\"2acc6b9\" data-element_type=\"section\" data-settings=\"{&quot;background_background&quot;:&quot;classic&quot;,&quot;ekit_section_parallax_bg&quot;:&quot;yes&quot;,&quot;ekit_section_parallax_multi&quot;:&quot;yes&quot;,&quot;ekit_section_parallax_multi_items&quot;:[{&quot;parallax_style&quot;:&quot;mousemove&quot;,&quot;image&quot;:null,&quot;source_rotate&quot;:{&quot;unit&quot;:&quot;deg&quot;,&quot;size&quot;:&quot;0&quot;,&quot;sizes&quot;:[]},&quot;parallax_blur_effect&quot;:{&quot;unit&quot;:&quot;px&quot;,&quot;size&quot;:&quot;0&quot;,&quot;sizes&quot;:[]},&quot;pos_x&quot;:{&quot;unit&quot;:&quot;%&quot;,&quot;size&quot;:&quot;90&quot;,&quot;sizes&quot;:[]},&quot;pos_x_tablet&quot;:{&quot;unit&quot;:&quot;px&quot;,&quot;size&quot;:&quot;-1000&quot;,&quot;sizes&quot;:[]},&quot;pos_x_mobile&quot;:{&quot;unit&quot;:&quot;px&quot;,&quot;size&quot;:&quot;-1000&quot;,&quot;sizes&quot;:[]},&quot;pos_y&quot;:{&quot;unit&quot;:&quot;%&quot;,&quot;size&quot;:&quot;9&quot;,&quot;sizes&quot;:[]},&quot;animation&quot;:null,&quot;animation_speed&quot;:null,&quot;parallax_speed&quot;:&quot;40&quot;,&quot;_id&quot;:&quot;237e2fe&quot;,&quot;shape&quot;:null,&quot;width_type&quot;:&quot;&quot;,&quot;animation_tablet&quot;:null,&quot;animation_mobile&quot;:null,&quot;item_opacity&quot;:&quot;1&quot;,&quot;parallax_transform&quot;:null,&quot;parallax_transform_value&quot;:null,&quot;smoothness&quot;:null,&quot;offsettop&quot;:null,&quot;offsetbottom&quot;:null,&quot;maxtilt&quot;:null,&quot;scale&quot;:null,&quot;disableaxis&quot;:null},{&quot;parallax_style&quot;:&quot;mousemove&quot;,&quot;image&quot;:null,&quot;source_rotate&quot;:{&quot;unit&quot;:&quot;deg&quot;,&quot;size&quot;:&quot;0&quot;,&quot;sizes&quot;:[]},&quot;parallax_blur_effect&quot;:{&quot;unit&quot;:&quot;px&quot;,&quot;size&quot;:&quot;0&quot;,&quot;sizes&quot;:[]},&quot;pos_x&quot;:{&quot;unit&quot;:&quot;%&quot;,&quot;size&quot;:&quot;10&quot;,&quot;sizes&quot;:[]},&quot;pos_x_tablet&quot;:{&quot;unit&quot;:&quot;px&quot;,&quot;size&quot;:&quot;-1000&quot;,&quot;sizes&quot;:[]},&quot;pos_x_mobile&quot;:{&quot;unit&quot;:&quot;px&quot;,&quot;size&quot;:&quot;-1000&quot;,&quot;sizes&quot;:[]},&quot;pos_y&quot;:{&quot;unit&quot;:&quot;%&quot;,&quot;size&quot;:&quot;16&quot;,&quot;sizes&quot;:[]},&quot;animation&quot;:null,&quot;animation_speed&quot;:null,&quot;parallax_speed&quot;:&quot;10&quot;,&quot;_id&quot;:&quot;47cad93&quot;,&quot;item_opacity&quot;:20,&quot;shape&quot;:null,&quot;width_type&quot;:&quot;&quot;,&quot;animation_tablet&quot;:null,&quot;animation_mobile&quot;:null,&quot;parallax_transform&quot;:null,&quot;parallax_transform_value&quot;:null,&quot;smoothness&quot;:null,&quot;offsettop&quot;:null,&quot;offsetbottom&quot;:null,&quot;maxtilt&quot;:null,&quot;scale&quot;:null,&quot;disableaxis&quot;:null},{&quot;parallax_style&quot;:&quot;onscroll&quot;,&quot;image&quot;:null,&quot;source_rotate&quot;:{&quot;unit&quot;:&quot;deg&quot;,&quot;size&quot;:&quot;0&quot;,&quot;sizes&quot;:[]},&quot;parallax_blur_effect&quot;:{&quot;unit&quot;:&quot;px&quot;,&quot;size&quot;:&quot;0&quot;,&quot;sizes&quot;:[]},&quot;pos_x&quot;:{&quot;unit&quot;:&quot;%&quot;,&quot;size&quot;:&quot;98&quot;,&quot;sizes&quot;:[]},&quot;pos_x_tablet&quot;:{&quot;unit&quot;:&quot;px&quot;,&quot;size&quot;:&quot;-1000&quot;,&quot;sizes&quot;:[]},&quot;pos_x_mobile&quot;:{&quot;unit&quot;:&quot;px&quot;,&quot;size&quot;:&quot;-1000&quot;,&quot;sizes&quot;:[]},&quot;pos_y&quot;:{&quot;unit&quot;:&quot;%&quot;,&quot;size&quot;:&quot;24&quot;,&quot;sizes&quot;:[]},&quot;animation&quot;:null,&quot;animation_speed&quot;:null,&quot;parallax_speed&quot;:null,&quot;parallax_transform_value&quot;:&quot;20&quot;,&quot;_id&quot;:&quot;c1a4c9b&quot;,&quot;shape&quot;:null,&quot;width_type&quot;:&quot;&quot;,&quot;animation_tablet&quot;:null,&quot;animation_mobile&quot;:null,&quot;item_opacity&quot;:&quot;1&quot;,&quot;parallax_transform&quot;:&quot;translateY&quot;,&quot;smoothness&quot;:&quot;700&quot;,&quot;offsettop&quot;:&quot;0&quot;,&quot;offsetbottom&quot;:&quot;0&quot;,&quot;maxtilt&quot;:null,&quot;scale&quot;:null,&quot;disableaxis&quot;:null},{&quot;_id&quot;:&quot;662abff&quot;,&quot;image&quot;:null,&quot;pos_x&quot;:{&quot;unit&quot;:&quot;%&quot;,&quot;size&quot;:88,&quot;sizes&quot;:[]},&quot;pos_y&quot;:{&quot;unit&quot;:&quot;%&quot;,&quot;size&quot;:31,&quot;sizes&quot;:[]},&quot;item_opacity&quot;:2,&quot;parallax_style&quot;:&quot;animation&quot;,&quot;shape&quot;:null,&quot;width_type&quot;:&quot;&quot;,&quot;animation&quot;:&quot;ekit-fade&quot;,&quot;animation_tablet&quot;:&quot;&quot;,&quot;animation_mobile&quot;:&quot;&quot;,&quot;animation_speed&quot;:&quot;5&quot;,&quot;parallax_speed&quot;:null,&quot;parallax_transform&quot;:null,&quot;parallax_transform_value&quot;:null,&quot;smoothness&quot;:null,&quot;offsettop&quot;:null,&quot;offsetbottom&quot;:null,&quot;maxtilt&quot;:null,&quot;scale&quot;:null,&quot;disableaxis&quot;:null}],&quot;ekit_section_parallax_bg_speed&quot;:0.5}\">\n\t\t\t\t\t\t\t<div class=\"elementor-background-overlay\"><\/div>\n\t\t\t\t\t\t\t<div class=\"elementor-container elementor-column-gap-default\">\n\t\t\t\t\t<div class=\"elementor-column elementor-col-100 elementor-top-column elementor-element elementor-element-f41a255\" data-id=\"f41a255\" data-element_type=\"column\">\n\t\t\t<div class=\"elementor-widget-wrap elementor-element-populated\">\n\t\t\t\t\t\t<div class=\"elementor-element elementor-element-9550a0e elementor-tabs-view-horizontal elementor-widget elementor-widget-tabs\" data-id=\"9550a0e\" data-element_type=\"widget\" data-settings=\"{&quot;ekit_we_effect_on&quot;:&quot;none&quot;}\" data-widget_type=\"tabs.default\">\n\t\t\t\t<div class=\"elementor-widget-container\">\n\t\t\t\t\t\t\t<div class=\"elementor-tabs\">\n\t\t\t<div class=\"elementor-tabs-wrapper\" role=\"tablist\" >\n\t\t\t\t\t\t\t\t\t<div id=\"elementor-tab-title-1561\" class=\"elementor-tab-title elementor-tab-desktop-title\" aria-selected=\"true\" data-tab=\"1\" role=\"tab\" tabindex=\"0\" aria-controls=\"elementor-tab-content-1561\" aria-expanded=\"false\">Quinta-feira - 09 de Junho<\/div>\n\t\t\t\t\t\t\t<\/div>\n\t\t\t<div class=\"elementor-tabs-content-wrapper\" role=\"tablist\" aria-orientation=\"vertical\">\n\t\t\t\t\t\t\t\t\t<div class=\"elementor-tab-title elementor-tab-mobile-title\" aria-selected=\"true\" data-tab=\"1\" role=\"tab\" tabindex=\"0\" aria-controls=\"elementor-tab-content-1561\" aria-expanded=\"false\">Quinta-feira - 09 de Junho<\/div>\n\t\t\t\t\t<div id=\"elementor-tab-content-1561\" class=\"elementor-tab-content elementor-clearfix\" data-tab=\"1\" role=\"tabpanel\" aria-labelledby=\"elementor-tab-title-1561\" tabindex=\"0\" hidden=\"false\"><p><img decoding=\"async\" class=\"alignnone  wp-image-12430\" src=\"https:\/\/enoac.org.br\/2022\/wp-content\/uploads\/2022\/04\/earth-2-300x300.png\" alt=\"\" width=\"43\" height=\"43\" srcset=\"https:\/\/enoac.org.br\/2022\/wp-content\/uploads\/2022\/04\/earth-2-300x300.png 300w, https:\/\/enoac.org.br\/2022\/wp-content\/uploads\/2022\/04\/earth-2-150x150.png 150w, https:\/\/enoac.org.br\/2022\/wp-content\/uploads\/2022\/04\/earth-2.png 512w\" sizes=\"(max-width: 43px) 100vw, 43px\" \/>\u00a0<strong>Dia Mundial da Acredita\u00e7\u00e3o<\/strong><\/p>    <div class=\"schedule-list-wrapper\">\r\n        <div class=\"container\">\r\n            <!-- row end-->\r\n            <div class=\"row\">\r\n                <div class=\"col-lg-12\">\r\n                    <div class=\"\">\r\n                                                        <div class=\"schedule-listing multi-schedule-list\">\r\n                                    <div class=\"schedule-slot-time\">\r\n                                                                                    <span> 08:30 &#8211; 09:00 <\/span>\r\n                                                                                <\/div>\r\n                                    <div class=\"schedule-slot-info\">\r\n                                        <div class=\"schedule-slot-info-content\">\r\n                                            <h3 class=\"schedule-slot-title\">\r\n                                                Abertura da Sala                                            <\/h3>\r\n                                            <p class=\"schedule-slot-details\"><\/p>\r\n                                            <div class=\"multi-speaker\">\r\n                                                \r\n                                            <\/div>\r\n                                        <\/div>\r\n                                        <!--Info content end -->\r\n                                    <\/div>\r\n                                    <!-- Slot info end -->\r\n                                <\/div>\r\n                                                            <div class=\"schedule-listing multi-schedule-list\">\r\n                                    <div class=\"schedule-slot-time\">\r\n                                                                                    <span> 09:00 &#8211; 09:15 <\/span>\r\n                                                                                <\/div>\r\n                                    <div class=\"schedule-slot-info\">\r\n                                        <div class=\"schedule-slot-info-content\">\r\n                                            <h3 class=\"schedule-slot-title\">\r\n                                                Abertura e boas-vindas                                            <\/h3>\r\n                                            <p class=\"schedule-slot-details\"><\/p>\r\n                                            <div class=\"multi-speaker\">\r\n                                                \r\n                                            <\/div>\r\n                                        <\/div>\r\n                                        <!--Info content end -->\r\n                                    <\/div>\r\n                                    <!-- Slot info end -->\r\n                                <\/div>\r\n                                                            <div class=\"schedule-listing multi-schedule-list\">\r\n                                    <div class=\"schedule-slot-time\">\r\n                                                                                    <span> 09:20 &#8211; 09:45 <\/span>\r\n                                                                                <\/div>\r\n                                    <div class=\"schedule-slot-info\">\r\n                                        <div class=\"schedule-slot-info-content\">\r\n                                            <h3 class=\"schedule-slot-title\">\r\n                                                A import\u00e2ncia do Inmetro e da acredita\u00e7\u00e3o na Economia 4.0                                            <\/h3>\r\n                                            <p class=\"schedule-slot-details\"><\/p>\r\n                                            <div class=\"multi-speaker\">\r\n                                                \r\n                                            <\/div>\r\n                                        <\/div>\r\n                                        <!--Info content end -->\r\n                                    <\/div>\r\n                                    <!-- Slot info end -->\r\n                                <\/div>\r\n                                                            <div class=\"schedule-listing multi-schedule-list\">\r\n                                    <div class=\"schedule-slot-time\">\r\n                                                                                    <span> 09:50 &#8211; 10:20 <\/span>\r\n                                                                                <\/div>\r\n                                    <div class=\"schedule-slot-info\">\r\n                                        <div class=\"schedule-slot-info-content\">\r\n                                            <h3 class=\"schedule-slot-title\">\r\n                                                Vis\u00e3o da IAAC sobre a fus\u00e3o do IAF e o ILAC                                            <\/h3>\r\n                                            <p class=\"schedule-slot-details\"><\/p>\r\n                                            <div class=\"multi-speaker\">\r\n                                                \r\n                                            <\/div>\r\n                                        <\/div>\r\n                                        <!--Info content end -->\r\n                                    <\/div>\r\n                                    <!-- Slot info end -->\r\n                                <\/div>\r\n                                                            <div class=\"schedule-listing multi-schedule-list\">\r\n                                    <div class=\"schedule-slot-time\">\r\n                                                                                    <span> 10:30 &#8211; 11:00 <\/span>\r\n                                                                                <\/div>\r\n                                    <div class=\"schedule-slot-info\">\r\n                                        <div class=\"schedule-slot-info-content\">\r\n                                            <h3 class=\"schedule-slot-title\">\r\n                                                A import\u00e2ncia do Conselho de Acredita\u00e7\u00e3o (CONAC) na atividade de avalia\u00e7\u00e3o da Conformidade                                            <\/h3>\r\n                                            <p class=\"schedule-slot-details\"><\/p>\r\n                                            <div class=\"multi-speaker\">\r\n                                                \r\n                                            <\/div>\r\n                                        <\/div>\r\n                                        <!--Info content end -->\r\n                                    <\/div>\r\n                                    <!-- Slot info end -->\r\n                                <\/div>\r\n                                                            <div class=\"schedule-listing multi-schedule-list\">\r\n                                    <div class=\"schedule-slot-time\">\r\n                                                                                    <span> 11:05 &#8211; 11:30 <\/span>\r\n                                                                                <\/div>\r\n                                    <div class=\"schedule-slot-info\">\r\n                                        <div class=\"schedule-slot-info-content\">\r\n                                            <h3 class=\"schedule-slot-title\">\r\n                                                O momento atual da acredita\u00e7\u00e3o no Brasil                                            <\/h3>\r\n                                            <p class=\"schedule-slot-details\"><\/p>\r\n                                            <div class=\"multi-speaker\">\r\n                                                \r\n                                            <\/div>\r\n                                        <\/div>\r\n                                        <!--Info content end -->\r\n                                    <\/div>\r\n                                    <!-- Slot info end -->\r\n                                <\/div>\r\n                                                <\/div>\r\n                <\/div>\r\n            <\/div>\r\n        <\/div>\r\n        <!-- container end-->\r\n    <\/div>\r\n    <!-- schedule tab end -->\r\n<\/div>\n\t\t\t\t\t\t\t<\/div>\n\t\t<\/div>\n\t\t\t\t\t\t<\/div>\n\t\t\t\t<\/div>\n\t\t\t\t\t<\/div>\n\t\t<\/div>\n\t\t\t\t\t<\/div>\n\t\t<\/section>\n\t\t\t\t<\/div>\n\t\t\n    <div class=\"xs_social_share_widget xs_share_url after_content \t\tmain_content  wslu-style-1 wslu-share-box-shaped wslu-fill-colored wslu-none wslu-share-horizontal wslu-theme-font-no wslu-main_content\">\n\n\t\t\n        <ul>\n\t\t\t        <\/ul>\n    <\/div> \n","protected":false},"excerpt":{"rendered":"<p>Quinta-feira &#8211; 09 de Junho Quinta-feira &#8211; 09 de Junho \u00a0Dia Mundial da Acredita\u00e7\u00e3o 08:30 &#8211; 09:00 Abertura da Saila 09:00 &#8211; 09:15 Abertura e boas-vindas Aldoney Freire Costa &#8211; Coordenador Geral de Acredita\u00e7\u00e3o do Inmetro 09:20 &#8211; 09:45 A import\u00e2ncia do Inmetro e da acredita\u00e7\u00e3o na Economia 4.0 Marcos Heleno Guerson de Oliveira Junior [&hellip;]<\/p>\n","protected":false},"author":1,"featured_media":0,"parent":0,"menu_order":0,"comment_status":"closed","ping_status":"closed","template":"template\/full-width-template.php","meta":{"_monsterinsights_skip_tracking":false,"_monsterinsights_sitenote_active":false,"_monsterinsights_sitenote_note":"","_monsterinsights_sitenote_category":0,"footnotes":""},"class_list":["post-12928","page","type-page","status-publish","hentry"],"acf":[],"aioseo_notices":[],"_links":{"self":[{"href":"https:\/\/enoac.org.br\/2022\/wp-json\/wp\/v2\/pages\/12928","targetHints":{"allow":["GET"]}}],"collection":[{"href":"https:\/\/enoac.org.br\/2022\/wp-json\/wp\/v2\/pages"}],"about":[{"href":"https:\/\/enoac.org.br\/2022\/wp-json\/wp\/v2\/types\/page"}],"author":[{"embeddable":true,"href":"https:\/\/enoac.org.br\/2022\/wp-json\/wp\/v2\/users\/1"}],"replies":[{"embeddable":true,"href":"https:\/\/enoac.org.br\/2022\/wp-json\/wp\/v2\/comments?post=12928"}],"version-history":[{"count":7,"href":"https:\/\/enoac.org.br\/2022\/wp-json\/wp\/v2\/pages\/12928\/revisions"}],"predecessor-version":[{"id":13176,"href":"https:\/\/enoac.org.br\/2022\/wp-json\/wp\/v2\/pages\/12928\/revisions\/13176"}],"wp:attachment":[{"href":"https:\/\/enoac.org.br\/2022\/wp-json\/wp\/v2\/media?parent=12928"}],"curies":[{"name":"wp","href":"https:\/\/api.w.org\/{rel}","templated":true}]}}