{"id":8736,"date":"2023-04-10T14:53:13","date_gmt":"2023-04-10T17:53:13","guid":{"rendered":"http:\/\/enoac.org.br\/2023\/?page_id=8736"},"modified":"2024-07-16T12:17:28","modified_gmt":"2024-07-16T15:17:28","slug":"inscricao","status":"publish","type":"page","link":"https:\/\/enoac.org.br\/2023\/inscricao\/","title":{"rendered":"Inscri\u00e7\u00e3o"},"content":{"rendered":"\t\t<div data-elementor-type=\"wp-page\" data-elementor-id=\"8736\" class=\"elementor elementor-8736\">\n\t\t\t\t\t\t<section class=\"elementor-section elementor-top-section elementor-element elementor-element-b4d3129 elementor-section-boxed elementor-section-height-default elementor-section-height-default\" data-id=\"b4d3129\" data-element_type=\"section\" data-settings=\"{&quot;background_background&quot;:&quot;classic&quot;,&quot;ekit_section_parallax_multi&quot;:&quot;yes&quot;,&quot;ekit_section_parallax_multi_items&quot;:[{&quot;_id&quot;:&quot;5c78f10&quot;,&quot;image&quot;:null,&quot;width_type&quot;:&quot;custom&quot;,&quot;custom_width&quot;:{&quot;unit&quot;:&quot;px&quot;,&quot;size&quot;:60,&quot;sizes&quot;:[]},&quot;pos_x&quot;:{&quot;unit&quot;:&quot;%&quot;,&quot;size&quot;:77,&quot;sizes&quot;:[]},&quot;pos_y&quot;:{&quot;unit&quot;:&quot;%&quot;,&quot;size&quot;:54,&quot;sizes&quot;:[]},&quot;animation&quot;:&quot;ekit-left-right&quot;,&quot;animation_speed&quot;:50,&quot;animation_direction&quot;:&quot;reverse&quot;,&quot;parallax_style&quot;:&quot;animation&quot;,&quot;shape&quot;:null,&quot;animation_tablet&quot;:&quot;&quot;,&quot;animation_mobile&quot;:&quot;&quot;,&quot;item_opacity&quot;:&quot;1&quot;,&quot;parallax_speed&quot;:null,&quot;parallax_transform&quot;:null,&quot;parallax_transform_value&quot;:null,&quot;smoothness&quot;:null,&quot;offsettop&quot;:null,&quot;offsetbottom&quot;:null,&quot;maxtilt&quot;:null,&quot;scale&quot;:null,&quot;disableaxis&quot;:null},{&quot;image&quot;:null,&quot;width_type&quot;:&quot;custom&quot;,&quot;custom_width&quot;:{&quot;unit&quot;:&quot;px&quot;,&quot;size&quot;:54,&quot;sizes&quot;:[]},&quot;pos_x&quot;:{&quot;unit&quot;:&quot;%&quot;,&quot;size&quot;:5,&quot;sizes&quot;:[]},&quot;pos_y&quot;:{&quot;unit&quot;:&quot;%&quot;,&quot;size&quot;:36,&quot;sizes&quot;:[]},&quot;animation&quot;:&quot;ekit-left-right&quot;,&quot;animation_speed&quot;:50,&quot;animation_direction&quot;:&quot;reverse&quot;,&quot;_id&quot;:&quot;ed4b312&quot;,&quot;parallax_style&quot;:&quot;animation&quot;,&quot;shape&quot;:null,&quot;animation_tablet&quot;:&quot;&quot;,&quot;animation_mobile&quot;:&quot;&quot;,&quot;item_opacity&quot;:&quot;1&quot;,&quot;parallax_speed&quot;:null,&quot;parallax_transform&quot;:null,&quot;parallax_transform_value&quot;:null,&quot;smoothness&quot;:null,&quot;offsettop&quot;:null,&quot;offsetbottom&quot;:null,&quot;maxtilt&quot;:null,&quot;scale&quot;:null,&quot;disableaxis&quot;:null},{&quot;_id&quot;:&quot;505fad6&quot;,&quot;image&quot;:null,&quot;pos_x&quot;:{&quot;unit&quot;:&quot;%&quot;,&quot;size&quot;:51,&quot;sizes&quot;:[]},&quot;pos_y&quot;:{&quot;unit&quot;:&quot;%&quot;,&quot;size&quot;:54,&quot;sizes&quot;:[]},&quot;animation&quot;:&quot;ekit-bounce&quot;,&quot;parallax_style&quot;:&quot;animation&quot;,&quot;shape&quot;:null,&quot;width_type&quot;:&quot;&quot;,&quot;animation_tablet&quot;:&quot;&quot;,&quot;animation_mobile&quot;:&quot;&quot;,&quot;item_opacity&quot;:&quot;1&quot;,&quot;animation_speed&quot;:&quot;5&quot;,&quot;parallax_speed&quot;:null,&quot;parallax_transform&quot;:null,&quot;parallax_transform_value&quot;:null,&quot;smoothness&quot;:null,&quot;offsettop&quot;:null,&quot;offsetbottom&quot;:null,&quot;maxtilt&quot;:null,&quot;scale&quot;:null,&quot;disableaxis&quot;:null}]}\">\n\t\t\t\t\t\t\t<div class=\"elementor-background-overlay\"><\/div>\n\t\t\t\t\t\t\t<div class=\"elementor-container elementor-column-gap-default\">\n\t\t\t\t\t<div class=\"elementor-column elementor-col-100 elementor-top-column elementor-element elementor-element-9605b86\" data-id=\"9605b86\" data-element_type=\"column\">\n\t\t\t<div class=\"elementor-widget-wrap elementor-element-populated\">\n\t\t\t\t\t\t<section class=\"elementor-section elementor-inner-section elementor-element elementor-element-70e33ef elementor-section-boxed elementor-section-height-default elementor-section-height-default\" data-id=\"70e33ef\" data-element_type=\"section\" data-settings=\"{&quot;animation_mobile&quot;:&quot;none&quot;}\">\n\t\t\t\t\t\t<div class=\"elementor-container elementor-column-gap-default\">\n\t\t\t\t\t<div class=\"elementor-column elementor-col-100 elementor-inner-column elementor-element elementor-element-a4be393\" data-id=\"a4be393\" data-element_type=\"column\">\n\t\t\t<div class=\"elementor-widget-wrap elementor-element-populated\">\n\t\t\t\t\t\t<div class=\"elementor-element elementor-element-b619609 animated-fast elementor-invisible elementor-widget elementor-widget-elementskit-heading\" data-id=\"b619609\" data-element_type=\"widget\" data-settings=\"{&quot;_animation&quot;:&quot;fadeInUp&quot;,&quot;_animation_mobile&quot;:&quot;none&quot;,&quot;ekit_we_effect_on&quot;:&quot;none&quot;}\" data-widget_type=\"elementskit-heading.default\">\n\t\t\t\t<div class=\"elementor-widget-container\">\n\t\t\t\t\t<div class=\"ekit-wid-con\" ><div class=\"ekit-heading elementskit-section-title-wraper text_left   ekit_heading_tablet-   ekit_heading_mobile-text_left\"><h2 class=\"ekit-heading--title elementskit-section-title \">Inscri\u00e7\u00e3o<\/h2><div class=\"ekit_heading_separetor_wraper ekit_heading_elementskit-border-divider elementskit-style-long\"><div class=\"elementskit-border-divider elementskit-style-long\"><\/div><\/div><\/div><\/div>\t\t\t\t<\/div>\n\t\t\t\t<\/div>\n\t\t\t\t\t<\/div>\n\t\t<\/div>\n\t\t\t\t\t<\/div>\n\t\t<\/section>\n\t\t\t\t\t<\/div>\n\t\t<\/div>\n\t\t\t\t\t<\/div>\n\t\t<\/section>\n\t\t\t\t<section class=\"elementor-section elementor-top-section elementor-element elementor-element-00bbb92 elementor-section-boxed elementor-section-height-default elementor-section-height-default\" data-id=\"00bbb92\" data-element_type=\"section\" data-settings=\"{&quot;ekit_section_parallax_multi_items&quot;:[{&quot;parallax_style&quot;:&quot;mousemove&quot;,&quot;image&quot;:null,&quot;source_rotate&quot;:{&quot;unit&quot;:&quot;deg&quot;,&quot;size&quot;:&quot;0&quot;,&quot;sizes&quot;:[]},&quot;parallax_blur_effect&quot;:{&quot;unit&quot;:&quot;px&quot;,&quot;size&quot;:&quot;0&quot;,&quot;sizes&quot;:[]},&quot;pos_x&quot;:{&quot;unit&quot;:&quot;%&quot;,&quot;size&quot;:&quot;4&quot;,&quot;sizes&quot;:[]},&quot;pos_x_tablet&quot;:{&quot;unit&quot;:&quot;px&quot;,&quot;size&quot;:&quot;-1000&quot;,&quot;sizes&quot;:[]},&quot;pos_x_mobile&quot;:{&quot;unit&quot;:&quot;px&quot;,&quot;size&quot;:&quot;-1000&quot;,&quot;sizes&quot;:[]},&quot;pos_y&quot;:{&quot;unit&quot;:&quot;%&quot;,&quot;size&quot;:&quot;-12&quot;,&quot;sizes&quot;:[]},&quot;animation&quot;:null,&quot;parallax_speed&quot;:&quot;40&quot;,&quot;_id&quot;:&quot;2aba564&quot;,&quot;shape&quot;:null,&quot;width_type&quot;:&quot;&quot;,&quot;animation_tablet&quot;:null,&quot;animation_mobile&quot;:null,&quot;item_opacity&quot;:&quot;1&quot;,&quot;animation_speed&quot;:null,&quot;parallax_transform&quot;:null,&quot;parallax_transform_value&quot;:null,&quot;smoothness&quot;:null,&quot;offsettop&quot;:null,&quot;offsetbottom&quot;:null,&quot;maxtilt&quot;:null,&quot;scale&quot;:null,&quot;disableaxis&quot;:null},{&quot;parallax_style&quot;:&quot;mousemove&quot;,&quot;image&quot;:null,&quot;source_rotate&quot;:{&quot;unit&quot;:&quot;deg&quot;,&quot;size&quot;:&quot;0&quot;,&quot;sizes&quot;:[]},&quot;parallax_blur_effect&quot;:{&quot;unit&quot;:&quot;px&quot;,&quot;size&quot;:&quot;0&quot;,&quot;sizes&quot;:[]},&quot;pos_x&quot;:{&quot;unit&quot;:&quot;%&quot;,&quot;size&quot;:&quot;3&quot;,&quot;sizes&quot;:[]},&quot;pos_x_tablet&quot;:{&quot;unit&quot;:&quot;px&quot;,&quot;size&quot;:&quot;-1000&quot;,&quot;sizes&quot;:[]},&quot;pos_x_mobile&quot;:{&quot;unit&quot;:&quot;px&quot;,&quot;size&quot;:&quot;-1000&quot;,&quot;sizes&quot;:[]},&quot;pos_y&quot;:{&quot;unit&quot;:&quot;%&quot;,&quot;size&quot;:&quot;66&quot;,&quot;sizes&quot;:[]},&quot;animation&quot;:null,&quot;parallax_speed&quot;:&quot;40&quot;,&quot;_id&quot;:&quot;7a341b2&quot;,&quot;shape&quot;:null,&quot;width_type&quot;:&quot;&quot;,&quot;animation_tablet&quot;:null,&quot;animation_mobile&quot;:null,&quot;item_opacity&quot;:&quot;1&quot;,&quot;animation_speed&quot;:null,&quot;parallax_transform&quot;:null,&quot;parallax_transform_value&quot;:null,&quot;smoothness&quot;:null,&quot;offsettop&quot;:null,&quot;offsetbottom&quot;:null,&quot;maxtilt&quot;:null,&quot;scale&quot;:null,&quot;disableaxis&quot;:null},{&quot;parallax_style&quot;:&quot;mousemove&quot;,&quot;image&quot;:null,&quot;source_rotate&quot;:{&quot;unit&quot;:&quot;deg&quot;,&quot;size&quot;:&quot;0&quot;,&quot;sizes&quot;:[]},&quot;parallax_blur_effect&quot;:{&quot;unit&quot;:&quot;px&quot;,&quot;size&quot;:&quot;0&quot;,&quot;sizes&quot;:[]},&quot;pos_x&quot;:{&quot;unit&quot;:&quot;%&quot;,&quot;size&quot;:&quot;7&quot;,&quot;sizes&quot;:[]},&quot;pos_x_tablet&quot;:{&quot;unit&quot;:&quot;px&quot;,&quot;size&quot;:&quot;-1000&quot;,&quot;sizes&quot;:[]},&quot;pos_x_mobile&quot;:{&quot;unit&quot;:&quot;px&quot;,&quot;size&quot;:&quot;-1000&quot;,&quot;sizes&quot;:[]},&quot;pos_y&quot;:{&quot;unit&quot;:&quot;%&quot;,&quot;size&quot;:&quot;35&quot;,&quot;sizes&quot;:[]},&quot;animation&quot;:null,&quot;parallax_speed&quot;:&quot;40&quot;,&quot;_id&quot;:&quot;0dd4b68&quot;,&quot;shape&quot;:null,&quot;width_type&quot;:&quot;&quot;,&quot;animation_tablet&quot;:null,&quot;animation_mobile&quot;:null,&quot;item_opacity&quot;:&quot;1&quot;,&quot;animation_speed&quot;:null,&quot;parallax_transform&quot;:null,&quot;parallax_transform_value&quot;:null,&quot;smoothness&quot;:null,&quot;offsettop&quot;:null,&quot;offsetbottom&quot;:null,&quot;maxtilt&quot;:null,&quot;scale&quot;:null,&quot;disableaxis&quot;:null},{&quot;parallax_style&quot;:&quot;mousemove&quot;,&quot;image&quot;:null,&quot;source_rotate&quot;:{&quot;unit&quot;:&quot;deg&quot;,&quot;size&quot;:&quot;0&quot;,&quot;sizes&quot;:[]},&quot;parallax_blur_effect&quot;:{&quot;unit&quot;:&quot;px&quot;,&quot;size&quot;:&quot;0&quot;,&quot;sizes&quot;:[]},&quot;pos_x&quot;:{&quot;unit&quot;:&quot;%&quot;,&quot;size&quot;:&quot;36&quot;,&quot;sizes&quot;:[]},&quot;pos_x_tablet&quot;:{&quot;unit&quot;:&quot;px&quot;,&quot;size&quot;:&quot;-1000&quot;,&quot;sizes&quot;:[]},&quot;pos_x_mobile&quot;:{&quot;unit&quot;:&quot;px&quot;,&quot;size&quot;:&quot;-1000&quot;,&quot;sizes&quot;:[]},&quot;pos_y&quot;:{&quot;unit&quot;:&quot;%&quot;,&quot;size&quot;:&quot;-10&quot;,&quot;sizes&quot;:[]},&quot;parallax_speed&quot;:&quot;40&quot;,&quot;_id&quot;:&quot;8ca4580&quot;,&quot;shape&quot;:null,&quot;width_type&quot;:&quot;&quot;,&quot;animation&quot;:null,&quot;animation_tablet&quot;:null,&quot;animation_mobile&quot;:null,&quot;item_opacity&quot;:&quot;1&quot;,&quot;animation_speed&quot;:null,&quot;parallax_transform&quot;:null,&quot;parallax_transform_value&quot;:null,&quot;smoothness&quot;:null,&quot;offsettop&quot;:null,&quot;offsetbottom&quot;:null,&quot;maxtilt&quot;:null,&quot;scale&quot;:null,&quot;disableaxis&quot;:null},{&quot;parallax_style&quot;:&quot;mousemove&quot;,&quot;image&quot;:null,&quot;source_rotate&quot;:{&quot;unit&quot;:&quot;deg&quot;,&quot;size&quot;:&quot;0&quot;,&quot;sizes&quot;:[]},&quot;parallax_blur_effect&quot;:{&quot;unit&quot;:&quot;px&quot;,&quot;size&quot;:&quot;0&quot;,&quot;sizes&quot;:[]},&quot;pos_x&quot;:{&quot;unit&quot;:&quot;%&quot;,&quot;size&quot;:&quot;39&quot;,&quot;sizes&quot;:[]},&quot;pos_x_tablet&quot;:{&quot;unit&quot;:&quot;px&quot;,&quot;size&quot;:&quot;-1000&quot;,&quot;sizes&quot;:[]},&quot;pos_x_mobile&quot;:{&quot;unit&quot;:&quot;px&quot;,&quot;size&quot;:&quot;-1000&quot;,&quot;sizes&quot;:[]},&quot;pos_y&quot;:{&quot;unit&quot;:&quot;%&quot;,&quot;size&quot;:&quot;71&quot;,&quot;sizes&quot;:[]},&quot;animation&quot;:null,&quot;animation_speed&quot;:null,&quot;parallax_speed&quot;:&quot;40&quot;,&quot;_id&quot;:&quot;042452e&quot;,&quot;shape&quot;:null,&quot;width_type&quot;:&quot;&quot;,&quot;animation_tablet&quot;:null,&quot;animation_mobile&quot;:null,&quot;item_opacity&quot;:&quot;1&quot;,&quot;parallax_transform&quot;:null,&quot;parallax_transform_value&quot;:null,&quot;smoothness&quot;:null,&quot;offsettop&quot;:null,&quot;offsetbottom&quot;:null,&quot;maxtilt&quot;:null,&quot;scale&quot;:null,&quot;disableaxis&quot;:null},{&quot;parallax_style&quot;:&quot;mousemove&quot;,&quot;image&quot;:null,&quot;source_rotate&quot;:{&quot;unit&quot;:&quot;deg&quot;,&quot;size&quot;:&quot;0&quot;,&quot;sizes&quot;:[]},&quot;parallax_blur_effect&quot;:{&quot;unit&quot;:&quot;px&quot;,&quot;size&quot;:&quot;0&quot;,&quot;sizes&quot;:[]},&quot;pos_x&quot;:{&quot;unit&quot;:&quot;%&quot;,&quot;size&quot;:&quot;40&quot;,&quot;sizes&quot;:[]},&quot;pos_x_tablet&quot;:{&quot;unit&quot;:&quot;px&quot;,&quot;size&quot;:&quot;-1000&quot;,&quot;sizes&quot;:[]},&quot;pos_x_mobile&quot;:{&quot;unit&quot;:&quot;px&quot;,&quot;size&quot;:&quot;-1000&quot;,&quot;sizes&quot;:[]},&quot;pos_y&quot;:{&quot;unit&quot;:&quot;%&quot;,&quot;size&quot;:&quot;75&quot;,&quot;sizes&quot;:[]},&quot;animation&quot;:null,&quot;animation_speed&quot;:null,&quot;parallax_speed&quot;:&quot;40&quot;,&quot;_id&quot;:&quot;631ab8b&quot;,&quot;shape&quot;:null,&quot;width_type&quot;:&quot;&quot;,&quot;animation_tablet&quot;:null,&quot;animation_mobile&quot;:null,&quot;item_opacity&quot;:&quot;1&quot;,&quot;parallax_transform&quot;:null,&quot;parallax_transform_value&quot;:null,&quot;smoothness&quot;:null,&quot;offsettop&quot;:null,&quot;offsetbottom&quot;:null,&quot;maxtilt&quot;:null,&quot;scale&quot;:null,&quot;disableaxis&quot;:null},{&quot;parallax_style&quot;:&quot;mousemove&quot;,&quot;image&quot;:null,&quot;source_rotate&quot;:{&quot;unit&quot;:&quot;deg&quot;,&quot;size&quot;:&quot;0&quot;,&quot;sizes&quot;:[]},&quot;parallax_blur_effect&quot;:{&quot;unit&quot;:&quot;px&quot;,&quot;size&quot;:&quot;0&quot;,&quot;sizes&quot;:[]},&quot;pos_x&quot;:{&quot;unit&quot;:&quot;%&quot;,&quot;size&quot;:&quot;53&quot;,&quot;sizes&quot;:[]},&quot;pos_x_tablet&quot;:{&quot;unit&quot;:&quot;px&quot;,&quot;size&quot;:&quot;-1000&quot;,&quot;sizes&quot;:[]},&quot;pos_x_mobile&quot;:{&quot;unit&quot;:&quot;px&quot;,&quot;size&quot;:&quot;-1000&quot;,&quot;sizes&quot;:[]},&quot;pos_y&quot;:{&quot;unit&quot;:&quot;%&quot;,&quot;size&quot;:&quot;7&quot;,&quot;sizes&quot;:[]},&quot;animation&quot;:null,&quot;animation_speed&quot;:null,&quot;parallax_speed&quot;:&quot;40&quot;,&quot;zindex&quot;:&quot;0&quot;,&quot;_id&quot;:&quot;66ed1dc&quot;,&quot;shape&quot;:null,&quot;width_type&quot;:&quot;&quot;,&quot;animation_tablet&quot;:null,&quot;animation_mobile&quot;:null,&quot;item_opacity&quot;:&quot;1&quot;,&quot;parallax_transform&quot;:null,&quot;parallax_transform_value&quot;:null,&quot;smoothness&quot;:null,&quot;offsettop&quot;:null,&quot;offsetbottom&quot;:null,&quot;maxtilt&quot;:null,&quot;scale&quot;:null,&quot;disableaxis&quot;:null},{&quot;parallax_style&quot;:&quot;mousemove&quot;,&quot;image&quot;:null,&quot;source_rotate&quot;:{&quot;unit&quot;:&quot;deg&quot;,&quot;size&quot;:&quot;0&quot;,&quot;sizes&quot;:[]},&quot;parallax_blur_effect&quot;:{&quot;unit&quot;:&quot;px&quot;,&quot;size&quot;:&quot;0&quot;,&quot;sizes&quot;:[]},&quot;pos_x&quot;:{&quot;unit&quot;:&quot;%&quot;,&quot;size&quot;:&quot;94&quot;,&quot;sizes&quot;:[]},&quot;pos_x_tablet&quot;:{&quot;unit&quot;:&quot;px&quot;,&quot;size&quot;:&quot;-1000&quot;,&quot;sizes&quot;:[]},&quot;pos_x_mobile&quot;:{&quot;unit&quot;:&quot;px&quot;,&quot;size&quot;:&quot;-1000&quot;,&quot;sizes&quot;:[]},&quot;pos_y&quot;:{&quot;unit&quot;:&quot;%&quot;,&quot;size&quot;:&quot;5&quot;,&quot;sizes&quot;:[]},&quot;animation&quot;:null,&quot;parallax_speed&quot;:&quot;40&quot;,&quot;_id&quot;:&quot;a19fa67&quot;,&quot;shape&quot;:null,&quot;width_type&quot;:&quot;&quot;,&quot;animation_tablet&quot;:null,&quot;animation_mobile&quot;:null,&quot;item_opacity&quot;:&quot;1&quot;,&quot;animation_speed&quot;:null,&quot;parallax_transform&quot;:null,&quot;parallax_transform_value&quot;:null,&quot;smoothness&quot;:null,&quot;offsettop&quot;:null,&quot;offsetbottom&quot;:null,&quot;maxtilt&quot;:null,&quot;scale&quot;:null,&quot;disableaxis&quot;:null}],&quot;ekit_section_parallax_multi&quot;:&quot;yes&quot;}\">\n\t\t\t\t\t\t\t<div class=\"elementor-background-overlay\"><\/div>\n\t\t\t\t\t\t\t<div class=\"elementor-container elementor-column-gap-default\">\n\t\t\t\t\t<div class=\"elementor-column elementor-col-100 elementor-top-column elementor-element elementor-element-db40d5c\" data-id=\"db40d5c\" data-element_type=\"column\">\n\t\t\t<div class=\"elementor-widget-wrap elementor-element-populated\">\n\t\t\t\t\t\t<div class=\"elementor-element elementor-element-2c94906 elementor-widget elementor-widget-elementskit-heading\" data-id=\"2c94906\" data-element_type=\"widget\" data-settings=\"{&quot;ekit_we_effect_on&quot;:&quot;none&quot;}\" data-widget_type=\"elementskit-heading.default\">\n\t\t\t\t<div class=\"elementor-widget-container\">\n\t\t\t\t\t<div class=\"ekit-wid-con\" ><div class=\"ekit-heading elementskit-section-title-wraper text_left   ekit_heading_tablet-   ekit_heading_mobile-\"><h2 class=\"ekit-heading--title elementskit-section-title \">Instru\u00e7\u00f5es para inscri\u00e7\u00e3o<\/h2><div class=\"ekit_heading_separetor_wraper ekit_heading_elementskit-border-divider ekit-dotted\"><div class=\"elementskit-border-divider ekit-dotted\"><\/div><\/div><\/div><\/div>\t\t\t\t<\/div>\n\t\t\t\t<\/div>\n\t\t\t\t<div class=\"elementor-element elementor-element-a0a5425 elementor-widget elementor-widget-text-editor\" data-id=\"a0a5425\" data-element_type=\"widget\" data-settings=\"{&quot;ekit_we_effect_on&quot;:&quot;none&quot;}\" data-widget_type=\"text-editor.default\">\n\t\t\t\t<div class=\"elementor-widget-container\">\n\t\t\t\t\t\t\t\t\t<div class=\"entry-content clearfix\"><p>A taxa de inscri\u00e7\u00e3o \u00e9 definida de acordo com a quantidade de dias que voc\u00ea ir\u00e1 participar do evento:<\/p><div style=\"text-align: center;\"><table style=\"width: 40%;\"><tbody><tr><td style=\"border: 1px solid rgba(0, 0, 0, 0.1); background-color: #c3c7ca; height: 24px; width: 40%; text-align: center;\"><strong>Investimento<\/strong><\/td><td style=\"border: 1px solid rgba(0, 0, 0, 0.1); background-color: #c3c7ca; height: 24px; width: 40%; text-align: center;\"><strong>Quantidade de dias<\/strong><\/td><\/tr><tr><td style=\"background-color: #ffffff;\" width=\"123\">R$\u00a0 60,50<\/td><td style=\"background-color: #ffffff;\" width=\"132\">1 dia<\/td><\/tr><tr><td style=\"background-color: #ffffff;\" width=\"123\">R$\u00a0 90,75<\/td><td style=\"background-color: #ffffff;\" width=\"132\">2 dias<\/td><\/tr><tr><td style=\"background-color: #ffffff;\" width=\"123\">R$ \u00a0121,00<\/td><td style=\"background-color: #ffffff;\" width=\"132\">3 dias<\/td><\/tr><\/tbody><\/table><\/div><p><i class=\"fa fa-youtube\" style=\"color: red;\"><\/i> O dia <span style=\"color: #ff0000;\"><b>15\/06<\/b><\/span> ser\u00e1 transmitido gratuitamente pelo <span style=\"color: #333399;\">Youtube da SBM<\/span>, n\u00e3o sendo necess\u00e1ria a inscri\u00e7\u00e3o para esse dia<\/p><p><i class=\"fa fa-info-circle\" style=\"color: green;\"><\/i> Informamos que sua entrada ser\u00e1 v\u00e1lida apenas para os dias selecionados.<\/p><p>Os pagamentos que ser\u00e3o realizados pela empresa, por favor informar no formul\u00e1rio de inscri\u00e7\u00e3o. Caso a empresa pague mais de uma pessoa, deve ser encaminhado um email para\u00a0<a href=\"mailto:enoac@metrologia.org.br\">enoac@metrologia.org.br<\/a><\/p><p>Selecione os dias que voc\u00ea deseja participar no formul\u00e1rio de inscri\u00e7\u00e3o.<\/p><p><br \/><strong>POL\u00cdTICA DE CANCELAMENTO \/ REEMBOLSO:<\/strong><br \/><br \/>Para o cancelamento da inscri\u00e7\u00e3o, \u00e9 necess\u00e1rio enviar uma notifica\u00e7\u00e3o, por e-mail. Para pedidos de cancelamento solicitados at\u00e9 <strong>12\/05\/2023<\/strong> ser\u00e1 cobrada uma taxa administrativa de 40% do valor da inscri\u00e7\u00e3o e o restante ser\u00e1 reembolsado. Ap\u00f3s esta data, nenhum reembolso ser\u00e1 concedido. Substitui\u00e7\u00f5es de inscritos ser\u00e3o aceitas em qualquer data.<\/p><hr class=\"wp-block-separator\" \/><\/div>\t\t\t\t\t\t\t\t<\/div>\n\t\t\t\t<\/div>\n\t\t\t\t\t<\/div>\n\t\t<\/div>\n\t\t\t\t\t<\/div>\n\t\t<\/section>\n\t\t\t\t<\/div>\n\t\t\n    <div class=\"xs_social_share_widget xs_share_url after_content \t\tmain_content  wslu-style-1 wslu-share-box-shaped wslu-fill-colored wslu-none wslu-share-horizontal wslu-theme-font-no wslu-main_content\">\n\n\t\t\n        <ul>\n\t\t\t        <\/ul>\n    <\/div> \n","protected":false},"excerpt":{"rendered":"<p>Inscri\u00e7\u00e3o Instru\u00e7\u00f5es para inscri\u00e7\u00e3o A taxa de inscri\u00e7\u00e3o \u00e9 definida de acordo com a quantidade de dias que voc\u00ea ir\u00e1 participar do evento: Investimento Quantidade de dias R$\u00a0 60,50 1 dia R$\u00a0 90,75 2 dias R$ \u00a0121,00 3 dias O dia 15\/06 ser\u00e1 transmitido gratuitamente pelo Youtube da SBM, n\u00e3o sendo necess\u00e1ria a inscri\u00e7\u00e3o para [&hellip;]<\/p>\n","protected":false},"author":1,"featured_media":8635,"parent":0,"menu_order":0,"comment_status":"closed","ping_status":"closed","template":"elementor_header_footer","meta":{"_acf_changed":false,"om_disable_all_campaigns":false,"_monsterinsights_skip_tracking":false,"_monsterinsights_sitenote_active":false,"_monsterinsights_sitenote_note":"","_monsterinsights_sitenote_category":0,"_joinchat":[],"footnotes":""},"class_list":["post-8736","page","type-page","status-publish","has-post-thumbnail","hentry"],"acf":[],"aioseo_notices":[],"_links":{"self":[{"href":"https:\/\/enoac.org.br\/2023\/wp-json\/wp\/v2\/pages\/8736","targetHints":{"allow":["GET"]}}],"collection":[{"href":"https:\/\/enoac.org.br\/2023\/wp-json\/wp\/v2\/pages"}],"about":[{"href":"https:\/\/enoac.org.br\/2023\/wp-json\/wp\/v2\/types\/page"}],"author":[{"embeddable":true,"href":"https:\/\/enoac.org.br\/2023\/wp-json\/wp\/v2\/users\/1"}],"replies":[{"embeddable":true,"href":"https:\/\/enoac.org.br\/2023\/wp-json\/wp\/v2\/comments?post=8736"}],"version-history":[{"count":11,"href":"https:\/\/enoac.org.br\/2023\/wp-json\/wp\/v2\/pages\/8736\/revisions"}],"predecessor-version":[{"id":9316,"href":"https:\/\/enoac.org.br\/2023\/wp-json\/wp\/v2\/pages\/8736\/revisions\/9316"}],"wp:featuredmedia":[{"embeddable":true,"href":"https:\/\/enoac.org.br\/2023\/wp-json\/wp\/v2\/media\/8635"}],"wp:attachment":[{"href":"https:\/\/enoac.org.br\/2023\/wp-json\/wp\/v2\/media?parent=8736"}],"curies":[{"name":"wp","href":"https:\/\/api.w.org\/{rel}","templated":true}]}}