{"id":8620,"date":"2023-04-06T10:06:53","date_gmt":"2023-04-06T13:06:53","guid":{"rendered":"https:\/\/enoac.org.br\/2026\/?page_id=8620"},"modified":"2026-02-02T12:26:35","modified_gmt":"2026-02-02T15:26:35","slug":"patrocinio","status":"publish","type":"page","link":"https:\/\/enoac.org.br\/2026\/patrocinio\/","title":{"rendered":"Patroc\u00ednio"},"content":{"rendered":"\t\t<div data-elementor-type=\"wp-page\" data-elementor-id=\"8620\" class=\"elementor elementor-8620\">\n\t\t\t\t\t\t<section class=\"elementor-section elementor-top-section elementor-element elementor-element-b4d3129 elementor-section-boxed elementor-section-height-default elementor-section-height-default\" data-id=\"b4d3129\" data-element_type=\"section\" data-e-type=\"section\" data-settings=\"{&quot;background_background&quot;:&quot;classic&quot;,&quot;ekit_section_parallax_multi&quot;:&quot;yes&quot;,&quot;ekit_section_parallax_multi_items&quot;:[{&quot;image&quot;:null,&quot;width_type&quot;:&quot;custom&quot;,&quot;custom_width&quot;:{&quot;unit&quot;:&quot;px&quot;,&quot;size&quot;:54,&quot;sizes&quot;:[]},&quot;pos_x&quot;:{&quot;unit&quot;:&quot;%&quot;,&quot;size&quot;:5,&quot;sizes&quot;:[]},&quot;pos_y&quot;:{&quot;unit&quot;:&quot;%&quot;,&quot;size&quot;:36,&quot;sizes&quot;:[]},&quot;animation&quot;:&quot;ekit-left-right&quot;,&quot;animation_speed&quot;:50,&quot;animation_direction&quot;:&quot;reverse&quot;,&quot;_id&quot;:&quot;ed4b312&quot;,&quot;parallax_style&quot;:&quot;animation&quot;,&quot;shape&quot;:null,&quot;animation_tablet&quot;:&quot;&quot;,&quot;animation_mobile&quot;:&quot;&quot;,&quot;item_opacity&quot;:&quot;1&quot;,&quot;parallax_speed&quot;:null,&quot;parallax_transform&quot;:null,&quot;parallax_transform_value&quot;:null,&quot;smoothness&quot;:null,&quot;offsettop&quot;:null,&quot;offsetbottom&quot;:null,&quot;maxtilt&quot;:null,&quot;scale&quot;:null,&quot;disableaxis&quot;:null}]}\">\n\t\t\t\t\t\t\t<div class=\"elementor-background-overlay\"><\/div>\n\t\t\t\t\t\t\t<div class=\"elementor-container elementor-column-gap-default\">\n\t\t\t\t\t<div class=\"elementor-column elementor-col-100 elementor-top-column elementor-element elementor-element-9605b86\" data-id=\"9605b86\" data-element_type=\"column\" data-e-type=\"column\">\n\t\t\t<div class=\"elementor-widget-wrap elementor-element-populated\">\n\t\t\t\t\t\t<section class=\"elementor-section elementor-inner-section elementor-element elementor-element-70e33ef elementor-section-boxed elementor-section-height-default elementor-section-height-default\" data-id=\"70e33ef\" data-element_type=\"section\" data-e-type=\"section\" data-settings=\"{&quot;animation_mobile&quot;:&quot;none&quot;}\">\n\t\t\t\t\t\t<div class=\"elementor-container elementor-column-gap-default\">\n\t\t\t\t\t<div class=\"elementor-column elementor-col-100 elementor-inner-column elementor-element elementor-element-a4be393\" data-id=\"a4be393\" data-element_type=\"column\" data-e-type=\"column\">\n\t\t\t<div class=\"elementor-widget-wrap elementor-element-populated\">\n\t\t\t\t\t\t<div class=\"elementor-element elementor-element-b619609 animated-fast elementor-invisible elementor-widget elementor-widget-elementskit-heading\" data-id=\"b619609\" data-element_type=\"widget\" data-e-type=\"widget\" data-settings=\"{&quot;_animation&quot;:&quot;fadeInUp&quot;,&quot;_animation_mobile&quot;:&quot;none&quot;,&quot;ekit_we_effect_on&quot;:&quot;none&quot;}\" data-widget_type=\"elementskit-heading.default\">\n\t\t\t\t<div class=\"elementor-widget-container\">\n\t\t\t\t\t<div class=\"ekit-wid-con\" ><div class=\"ekit-heading elementskit-section-title-wraper text_left   ekit_heading_tablet-   ekit_heading_mobile-text_left\"><h2 class=\"ekit-heading--title elementskit-section-title \">Patroc\u00ednio<\/h2><div class=\"ekit_heading_separetor_wraper ekit_heading_elementskit-border-divider elementskit-style-long\"><div class=\"elementskit-border-divider elementskit-style-long\"><\/div><\/div><p class=\"ekit-heading--subtitle elementskit-section-subtitle  \">\n\t\t\t\t\t\tSeja nosso patrocinador\n\t\t\t\t\t<\/p><\/div><\/div>\t\t\t\t<\/div>\n\t\t\t\t<\/div>\n\t\t\t\t\t<\/div>\n\t\t<\/div>\n\t\t\t\t\t<\/div>\n\t\t<\/section>\n\t\t\t\t\t<\/div>\n\t\t<\/div>\n\t\t\t\t\t<\/div>\n\t\t<\/section>\n\t\t\t\t<section class=\"elementor-section elementor-top-section elementor-element elementor-element-00bbb92 elementor-section-boxed elementor-section-height-default elementor-section-height-default\" data-id=\"00bbb92\" data-element_type=\"section\" data-e-type=\"section\" data-settings=\"{&quot;ekit_section_parallax_multi_items&quot;:[{&quot;parallax_style&quot;:&quot;mousemove&quot;,&quot;image&quot;:null,&quot;source_rotate&quot;:{&quot;unit&quot;:&quot;deg&quot;,&quot;size&quot;:&quot;0&quot;,&quot;sizes&quot;:[]},&quot;parallax_blur_effect&quot;:{&quot;unit&quot;:&quot;px&quot;,&quot;size&quot;:&quot;0&quot;,&quot;sizes&quot;:[]},&quot;pos_x&quot;:{&quot;unit&quot;:&quot;%&quot;,&quot;size&quot;:&quot;39&quot;,&quot;sizes&quot;:[]},&quot;pos_x_tablet&quot;:{&quot;unit&quot;:&quot;px&quot;,&quot;size&quot;:&quot;-1000&quot;,&quot;sizes&quot;:[]},&quot;pos_x_mobile&quot;:{&quot;unit&quot;:&quot;px&quot;,&quot;size&quot;:&quot;-1000&quot;,&quot;sizes&quot;:[]},&quot;pos_y&quot;:{&quot;unit&quot;:&quot;%&quot;,&quot;size&quot;:&quot;71&quot;,&quot;sizes&quot;:[]},&quot;animation&quot;:null,&quot;animation_speed&quot;:null,&quot;parallax_speed&quot;:&quot;40&quot;,&quot;_id&quot;:&quot;042452e&quot;,&quot;shape&quot;:null,&quot;width_type&quot;:&quot;&quot;,&quot;animation_tablet&quot;:null,&quot;animation_mobile&quot;:null,&quot;item_opacity&quot;:&quot;1&quot;,&quot;parallax_transform&quot;:null,&quot;parallax_transform_value&quot;:null,&quot;smoothness&quot;:null,&quot;offsettop&quot;:null,&quot;offsetbottom&quot;:null,&quot;maxtilt&quot;:null,&quot;scale&quot;:null,&quot;disableaxis&quot;:null},{&quot;parallax_style&quot;:&quot;mousemove&quot;,&quot;image&quot;:null,&quot;source_rotate&quot;:{&quot;unit&quot;:&quot;deg&quot;,&quot;size&quot;:&quot;0&quot;,&quot;sizes&quot;:[]},&quot;parallax_blur_effect&quot;:{&quot;unit&quot;:&quot;px&quot;,&quot;size&quot;:&quot;0&quot;,&quot;sizes&quot;:[]},&quot;pos_x&quot;:{&quot;unit&quot;:&quot;%&quot;,&quot;size&quot;:&quot;40&quot;,&quot;sizes&quot;:[]},&quot;pos_x_tablet&quot;:{&quot;unit&quot;:&quot;px&quot;,&quot;size&quot;:&quot;-1000&quot;,&quot;sizes&quot;:[]},&quot;pos_x_mobile&quot;:{&quot;unit&quot;:&quot;px&quot;,&quot;size&quot;:&quot;-1000&quot;,&quot;sizes&quot;:[]},&quot;pos_y&quot;:{&quot;unit&quot;:&quot;%&quot;,&quot;size&quot;:&quot;75&quot;,&quot;sizes&quot;:[]},&quot;animation&quot;:null,&quot;animation_speed&quot;:null,&quot;parallax_speed&quot;:&quot;40&quot;,&quot;_id&quot;:&quot;631ab8b&quot;,&quot;shape&quot;:null,&quot;width_type&quot;:&quot;&quot;,&quot;animation_tablet&quot;:null,&quot;animation_mobile&quot;:null,&quot;item_opacity&quot;:&quot;1&quot;,&quot;parallax_transform&quot;:null,&quot;parallax_transform_value&quot;:null,&quot;smoothness&quot;:null,&quot;offsettop&quot;:null,&quot;offsetbottom&quot;:null,&quot;maxtilt&quot;:null,&quot;scale&quot;:null,&quot;disableaxis&quot;:null},{&quot;parallax_style&quot;:&quot;mousemove&quot;,&quot;image&quot;:null,&quot;source_rotate&quot;:{&quot;unit&quot;:&quot;deg&quot;,&quot;size&quot;:&quot;0&quot;,&quot;sizes&quot;:[]},&quot;parallax_blur_effect&quot;:{&quot;unit&quot;:&quot;px&quot;,&quot;size&quot;:&quot;0&quot;,&quot;sizes&quot;:[]},&quot;pos_x&quot;:{&quot;unit&quot;:&quot;%&quot;,&quot;size&quot;:&quot;53&quot;,&quot;sizes&quot;:[]},&quot;pos_x_tablet&quot;:{&quot;unit&quot;:&quot;px&quot;,&quot;size&quot;:&quot;-1000&quot;,&quot;sizes&quot;:[]},&quot;pos_x_mobile&quot;:{&quot;unit&quot;:&quot;px&quot;,&quot;size&quot;:&quot;-1000&quot;,&quot;sizes&quot;:[]},&quot;pos_y&quot;:{&quot;unit&quot;:&quot;%&quot;,&quot;size&quot;:&quot;7&quot;,&quot;sizes&quot;:[]},&quot;animation&quot;:null,&quot;animation_speed&quot;:null,&quot;parallax_speed&quot;:&quot;40&quot;,&quot;zindex&quot;:&quot;0&quot;,&quot;_id&quot;:&quot;66ed1dc&quot;,&quot;shape&quot;:null,&quot;width_type&quot;:&quot;&quot;,&quot;animation_tablet&quot;:null,&quot;animation_mobile&quot;:null,&quot;item_opacity&quot;:&quot;1&quot;,&quot;parallax_transform&quot;:null,&quot;parallax_transform_value&quot;:null,&quot;smoothness&quot;:null,&quot;offsettop&quot;:null,&quot;offsetbottom&quot;:null,&quot;maxtilt&quot;:null,&quot;scale&quot;:null,&quot;disableaxis&quot;:null},{&quot;parallax_style&quot;:&quot;mousemove&quot;,&quot;image&quot;:null,&quot;source_rotate&quot;:{&quot;unit&quot;:&quot;deg&quot;,&quot;size&quot;:&quot;0&quot;,&quot;sizes&quot;:[]},&quot;parallax_blur_effect&quot;:{&quot;unit&quot;:&quot;px&quot;,&quot;size&quot;:&quot;0&quot;,&quot;sizes&quot;:[]},&quot;pos_x&quot;:{&quot;unit&quot;:&quot;%&quot;,&quot;size&quot;:&quot;94&quot;,&quot;sizes&quot;:[]},&quot;pos_x_tablet&quot;:{&quot;unit&quot;:&quot;px&quot;,&quot;size&quot;:&quot;-1000&quot;,&quot;sizes&quot;:[]},&quot;pos_x_mobile&quot;:{&quot;unit&quot;:&quot;px&quot;,&quot;size&quot;:&quot;-1000&quot;,&quot;sizes&quot;:[]},&quot;pos_y&quot;:{&quot;unit&quot;:&quot;%&quot;,&quot;size&quot;:&quot;5&quot;,&quot;sizes&quot;:[]},&quot;animation&quot;:null,&quot;parallax_speed&quot;:&quot;40&quot;,&quot;_id&quot;:&quot;a19fa67&quot;,&quot;shape&quot;:null,&quot;width_type&quot;:&quot;&quot;,&quot;animation_tablet&quot;:null,&quot;animation_mobile&quot;:null,&quot;item_opacity&quot;:&quot;1&quot;,&quot;animation_speed&quot;:null,&quot;parallax_transform&quot;:null,&quot;parallax_transform_value&quot;:null,&quot;smoothness&quot;:null,&quot;offsettop&quot;:null,&quot;offsetbottom&quot;:null,&quot;maxtilt&quot;:null,&quot;scale&quot;:null,&quot;disableaxis&quot;:null}],&quot;ekit_section_parallax_multi&quot;:&quot;yes&quot;}\">\n\t\t\t\t\t\t\t<div class=\"elementor-background-overlay\"><\/div>\n\t\t\t\t\t\t\t<div class=\"elementor-container elementor-column-gap-default\">\n\t\t\t\t\t<div class=\"elementor-column elementor-col-100 elementor-top-column elementor-element elementor-element-db40d5c\" data-id=\"db40d5c\" data-element_type=\"column\" data-e-type=\"column\">\n\t\t\t<div class=\"elementor-widget-wrap elementor-element-populated\">\n\t\t\t\t\t\t<div class=\"elementor-element elementor-element-2c94906 elementor-widget elementor-widget-elementskit-heading\" data-id=\"2c94906\" data-element_type=\"widget\" data-e-type=\"widget\" data-settings=\"{&quot;ekit_we_effect_on&quot;:&quot;none&quot;}\" data-widget_type=\"elementskit-heading.default\">\n\t\t\t\t<div class=\"elementor-widget-container\">\n\t\t\t\t\t<div class=\"ekit-wid-con\" ><div class=\"ekit-heading elementskit-section-title-wraper text_left   ekit_heading_tablet-   ekit_heading_mobile-\"><h2 class=\"ekit-heading--title elementskit-section-title \">Conhe\u00e7a as vantagens de cada categoria de patroc\u00ednio<\/h2><div class=\"ekit_heading_separetor_wraper ekit_heading_elementskit-border-divider ekit-dotted\"><div class=\"elementskit-border-divider ekit-dotted\"><\/div><\/div><\/div><\/div>\t\t\t\t<\/div>\n\t\t\t\t<\/div>\n\t\t\t\t<div class=\"elementor-element elementor-element-b4a6a13 elementor-widget elementor-widget-text-editor\" data-id=\"b4a6a13\" data-element_type=\"widget\" data-e-type=\"widget\" data-settings=\"{&quot;ekit_we_effect_on&quot;:&quot;none&quot;}\" data-widget_type=\"text-editor.default\">\n\t\t\t\t<div class=\"elementor-widget-container\">\n\t\t\t\t\t\t\t\t\t<p style=\"text-align: justify;\"><span style=\"color: #333333;\">O XV ENOAC \u2013 Encontro de Organismos de Avalia\u00e7\u00e3o da Conformidade conta com o apoio de patrocinadores para a realiza\u00e7\u00e3o do evento.<\/span><\/p>\t\t\t\t\t\t\t\t<\/div>\n\t\t\t\t<\/div>\n\t\t\t\t<div class=\"elementor-element elementor-element-7ab8d55 elementor-widget elementor-widget-html\" data-id=\"7ab8d55\" data-element_type=\"widget\" data-e-type=\"widget\" data-settings=\"{&quot;ekit_we_effect_on&quot;:&quot;none&quot;}\" data-widget_type=\"html.default\">\n\t\t\t\t<div class=\"elementor-widget-container\">\n\t\t\t\t\t<table style=\"border: 1px solid rgba(0, 0, 0, 0.1); width: 100%; table-layout: fixed;\">\r\n  <tbody>\r\n\r\n    <!-- Cabe\u00e7alho -->\r\n    <tr>\r\n      <td style=\"border: 1px solid rgba(0,0,0,0.1); background-color:#c3c7ca; width:32%; text-align:center;\">\r\n        <strong>Plano<\/strong>\r\n      <\/td>\r\n      <td style=\"border: 1px solid rgba(0,0,0,0.1); background-color:#c3c7ca; text-align:center;\">\r\n        <strong>Ouro<\/strong>\r\n      <\/td>\r\n      <td style=\"border: 1px solid rgba(0,0,0,0.1); background-color:#c3c7ca; text-align:center;\">\r\n        <strong>Prata<\/strong>\r\n      <\/td>\r\n      <td style=\"border: 1px solid rgba(0,0,0,0.1); background-color:#c3c7ca; text-align:center;\">\r\n        <strong>Bronze<\/strong>\r\n      <\/td>\r\n    <\/tr>\r\n\r\n    <!-- Valores -->\r\n    <tr>\r\n      <td style=\"border:1px solid rgba(0,0,0,0.1); background-color:#ebeef1; text-align:center;\">\r\n        Benef\u00edcios \/ Valor\r\n      <\/td>\r\n      <td style=\"border:1px solid rgba(0,0,0,0.1); background-color:#ebeef1; text-align:center;\">\r\n        R$ 20.000,00\r\n      <\/td>\r\n      <td style=\"border:1px solid rgba(0,0,0,0.1); background-color:#ebeef1; text-align:center;\">\r\n        R$ 15.000,00\r\n      <\/td>\r\n      <td style=\"border:1px solid rgba(0,0,0,0.1); background-color:#ebeef1; text-align:center;\">\r\n        R$ 10.000,00\r\n      <\/td>\r\n    <\/tr>\r\n\r\n    <!-- Espa\u00e7o para fala -->\r\n    <tr>\r\n      <td style=\"border:1px solid rgba(0,0,0,0.1); text-align:left;\">\r\n        Espa\u00e7o para fala (10 min)\r\n      <\/td>\r\n      <td style=\"text-align:center;\">\r\n        <span style=\"font-size:13pt; color:#3dd93d;\"><i class=\"fa fa-check-circle\"><\/i><\/span>\r\n      <\/td>\r\n      <td style=\"text-align:center;\">\r\n        <span style=\"font-size:13pt; color:#b81818;\"><i class=\"fa fa-times-circle\"><\/i><\/span>\r\n      <\/td>\r\n      <td style=\"text-align:center;\">\r\n        <span style=\"font-size:13pt; color:#b81818;\"><i class=\"fa fa-times-circle\"><\/i><\/span>\r\n      <\/td>\r\n    <\/tr>\r\n\r\n    <!-- Entrevista SBM -->\r\n    <tr>\r\n      <td style=\"border:1px solid rgba(0,0,0,0.1); text-align:left;\">\r\n        Entrevista nas redes sociais da SBM\r\n      <\/td>\r\n      <td style=\"text-align:center;\">\r\n        <span style=\"font-size:13pt; color:#3dd93d;\"><i class=\"fa fa-check-circle\"><\/i><\/span>\r\n      <\/td>\r\n      <td style=\"text-align:center;\">\r\n        <span style=\"font-size:13pt; color:#b81818;\"><i class=\"fa fa-times-circle\"><\/i><\/span>\r\n      <\/td>\r\n      <td style=\"text-align:center;\">\r\n        <span style=\"font-size:13pt; color:#b81818;\"><i class=\"fa fa-times-circle\"><\/i><\/span>\r\n      <\/td>\r\n    <\/tr>\r\n\r\n    <!-- Banner -->\r\n    <tr>\r\n      <td style=\"border:1px solid rgba(0,0,0,0.1); text-align:left;\">\r\n        Banner da institui\u00e7\u00e3o durante o evento\r\n      <\/td>\r\n      <td style=\"text-align:center;\">\r\n        <span style=\"font-size:13pt; color:#3dd93d;\"><i class=\"fa fa-check-circle\"><\/i><\/span>\r\n      <\/td>\r\n      <td style=\"text-align:center;\">\r\n        <span style=\"font-size:13pt; color:#3dd93d;\"><i class=\"fa fa-check-circle\"><\/i><\/span>\r\n      <\/td>\r\n      <td style=\"text-align:center;\">\r\n        <span style=\"font-size:13pt; color:#b81818;\"><i class=\"fa fa-times-circle\"><\/i><\/span>\r\n      <\/td>\r\n    <\/tr>\r\n\r\n    <!-- Material promocional -->\r\n    <tr>\r\n      <td style=\"border:1px solid rgba(0,0,0,0.1); text-align:left;\">\r\n        Material promocional na pasta do evento\r\n      <\/td>\r\n      <td style=\"text-align:center;\"><span style=\"font-size:13pt; color:#3dd93d;\"><i class=\"fa fa-check-circle\"><\/i><\/span><\/td>\r\n      <td style=\"text-align:center;\"><span style=\"font-size:13pt; color:#3dd93d;\"><i class=\"fa fa-check-circle\"><\/i><\/span><\/td>\r\n      <td style=\"text-align:center;\"><span style=\"font-size:13pt; color:#3dd93d;\"><i class=\"fa fa-check-circle\"><\/i><\/span><\/td>\r\n    <\/tr>\r\n\r\n    <!-- Logomarca pe\u00e7as gr\u00e1ficas -->\r\n    <tr>\r\n      <td style=\"border:1px solid rgba(0,0,0,0.1); text-align:left;\">\r\n        Logomarca nas pe\u00e7as gr\u00e1ficas do evento\r\n      <\/td>\r\n      <td style=\"text-align:center;\"><span style=\"font-size:13pt; color:#3dd93d;\"><i class=\"fa fa-check-circle\"><\/i><\/span><\/td>\r\n      <td style=\"text-align:center;\"><span style=\"font-size:13pt; color:#3dd93d;\"><i class=\"fa fa-check-circle\"><\/i><\/span><\/td>\r\n      <td style=\"text-align:center;\"><span style=\"font-size:13pt; color:#3dd93d;\"><i class=\"fa fa-check-circle\"><\/i><\/span><\/td>\r\n    <\/tr>\r\n\r\n    <!-- Logomarca divulga\u00e7\u00e3o -->\r\n    <tr>\r\n      <td style=\"border:1px solid rgba(0,0,0,0.1); text-align:left;\">\r\n        Logomarca em todo material de divulga\u00e7\u00e3o\r\n      <\/td>\r\n      <td style=\"text-align:center;\"><span style=\"font-size:13pt; color:#3dd93d;\"><i class=\"fa fa-check-circle\"><\/i><\/span><\/td>\r\n      <td style=\"text-align:center;\"><span style=\"font-size:13pt; color:#3dd93d;\"><i class=\"fa fa-check-circle\"><\/i><\/span><\/td>\r\n      <td style=\"text-align:center;\"><span style=\"font-size:13pt; color:#3dd93d;\"><i class=\"fa fa-check-circle\"><\/i><\/span><\/td>\r\n    <\/tr>\r\n\r\n    <!-- Inscri\u00e7\u00f5es -->\r\n    <tr>\r\n      <td style=\"border:1px solid rgba(0,0,0,0.1); text-align:left;\">\r\n        Inscri\u00e7\u00f5es gratuitas\r\n      <\/td>\r\n      <td style=\"text-align:center;\">8 inscri\u00e7\u00f5es<\/td>\r\n      <td style=\"text-align:center;\">6 inscri\u00e7\u00f5es<\/td>\r\n      <td style=\"text-align:center;\">4 inscri\u00e7\u00f5es<\/td>\r\n    <\/tr>\r\n\r\n  <\/tbody>\r\n<\/table>\r\n\t\t\t\t<\/div>\n\t\t\t\t<\/div>\n\t\t\t\t<div class=\"elementor-element elementor-element-27d3817 elementor-widget elementor-widget-text-editor\" data-id=\"27d3817\" data-element_type=\"widget\" data-e-type=\"widget\" data-settings=\"{&quot;ekit_we_effect_on&quot;:&quot;none&quot;}\" data-widget_type=\"text-editor.default\">\n\t\t\t\t<div class=\"elementor-widget-container\">\n\t\t\t\t\t\t\t\t\t<p><span style=\"color: #333333;\"><strong>Contatos para o Patroc\u00ednio:<\/strong><\/span><\/p><p><i class=\"fa fa-envelope fa- \"><\/i> <a href=\"mailto:eventos@metrologia.org.br\">eventos@metrologia.org.br<\/a><\/p><p style=\"text-align: left;\"><i class=\"fa fa-whatsapp fa- \"><\/i> <a title=\"(22) 99950-0867\" href=\"http:\/\/api.whatsapp.com\/send?phone=5522999500867\"><strong> (22) 99701-1466 <\/strong><\/a><\/p>\t\t\t\t\t\t\t\t<\/div>\n\t\t\t\t<\/div>\n\t\t\t\t\t<\/div>\n\t\t<\/div>\n\t\t\t\t\t<\/div>\n\t\t<\/section>\n\t\t\t\t<\/div>\n\t\t\n    <div class=\"xs_social_share_widget xs_share_url after_content \t\tmain_content  wslu-style-1 wslu-share-box-shaped wslu-fill-colored wslu-none wslu-share-horizontal wslu-theme-font-no wslu-main_content\">\n\n\t\t\n        <ul>\n\t\t\t        <\/ul>\n    <\/div> \n","protected":false},"excerpt":{"rendered":"<p>Patroc\u00ednio Seja nosso patrocinador Conhe\u00e7a as vantagens de cada categoria de patroc\u00ednio O XV ENOAC \u2013 Encontro de Organismos de Avalia\u00e7\u00e3o da Conformidade conta com o apoio de patrocinadores para a realiza\u00e7\u00e3o do evento. Plano Ouro Prata Bronze Benef\u00edcios \/ Valor R$ 20.000,00 R$ 15.000,00 R$ 10.000,00 Espa\u00e7o para fala (10 min) Entrevista nas redes [&hellip;]<\/p>\n","protected":false},"author":1,"featured_media":8635,"parent":0,"menu_order":0,"comment_status":"closed","ping_status":"closed","template":"elementor_header_footer","meta":{"_acf_changed":false,"_monsterinsights_skip_tracking":false,"_monsterinsights_sitenote_active":false,"_monsterinsights_sitenote_note":"","_monsterinsights_sitenote_category":0,"_joinchat":[],"footnotes":""},"class_list":["post-8620","page","type-page","status-publish","has-post-thumbnail","hentry"],"acf":[],"aioseo_notices":[],"_links":{"self":[{"href":"https:\/\/enoac.org.br\/2026\/wp-json\/wp\/v2\/pages\/8620","targetHints":{"allow":["GET"]}}],"collection":[{"href":"https:\/\/enoac.org.br\/2026\/wp-json\/wp\/v2\/pages"}],"about":[{"href":"https:\/\/enoac.org.br\/2026\/wp-json\/wp\/v2\/types\/page"}],"author":[{"embeddable":true,"href":"https:\/\/enoac.org.br\/2026\/wp-json\/wp\/v2\/users\/1"}],"replies":[{"embeddable":true,"href":"https:\/\/enoac.org.br\/2026\/wp-json\/wp\/v2\/comments?post=8620"}],"version-history":[{"count":28,"href":"https:\/\/enoac.org.br\/2026\/wp-json\/wp\/v2\/pages\/8620\/revisions"}],"predecessor-version":[{"id":10939,"href":"https:\/\/enoac.org.br\/2026\/wp-json\/wp\/v2\/pages\/8620\/revisions\/10939"}],"wp:featuredmedia":[{"embeddable":true,"href":"https:\/\/enoac.org.br\/2026\/wp-json\/wp\/v2\/media\/8635"}],"wp:attachment":[{"href":"https:\/\/enoac.org.br\/2026\/wp-json\/wp\/v2\/media?parent=8620"}],"curies":[{"name":"wp","href":"https:\/\/api.w.org\/{rel}","templated":true}]}}