{"id":8694,"date":"2023-04-06T15:48:52","date_gmt":"2023-04-06T18:48:52","guid":{"rendered":"https:\/\/enoac.org.br\/2026\/?page_id=8694"},"modified":"2026-04-29T11:45:03","modified_gmt":"2026-04-29T14:45:03","slug":"programa","status":"publish","type":"page","link":"https:\/\/enoac.org.br\/2026\/programa\/","title":{"rendered":"Programa Enoac 2026"},"content":{"rendered":"\t\t<div data-elementor-type=\"wp-page\" data-elementor-id=\"8694\" class=\"elementor elementor-8694\">\n\t\t\t\t\t\t<section class=\"elementor-section elementor-top-section elementor-element elementor-element-b4d3129 elementor-section-boxed elementor-section-height-default elementor-section-height-default\" data-id=\"b4d3129\" data-element_type=\"section\" data-e-type=\"section\" data-settings=\"{&quot;background_background&quot;:&quot;classic&quot;,&quot;ekit_section_parallax_multi&quot;:&quot;yes&quot;,&quot;ekit_section_parallax_multi_items&quot;:[{&quot;image&quot;:null,&quot;width_type&quot;:&quot;custom&quot;,&quot;custom_width&quot;:{&quot;unit&quot;:&quot;px&quot;,&quot;size&quot;:54,&quot;sizes&quot;:[]},&quot;pos_x&quot;:{&quot;unit&quot;:&quot;%&quot;,&quot;size&quot;:5,&quot;sizes&quot;:[]},&quot;pos_y&quot;:{&quot;unit&quot;:&quot;%&quot;,&quot;size&quot;:36,&quot;sizes&quot;:[]},&quot;animation&quot;:&quot;ekit-left-right&quot;,&quot;animation_speed&quot;:50,&quot;animation_direction&quot;:&quot;reverse&quot;,&quot;_id&quot;:&quot;ed4b312&quot;,&quot;parallax_style&quot;:&quot;animation&quot;,&quot;shape&quot;:null,&quot;animation_tablet&quot;:&quot;&quot;,&quot;animation_mobile&quot;:&quot;&quot;,&quot;item_opacity&quot;:&quot;1&quot;,&quot;parallax_speed&quot;:null,&quot;parallax_transform&quot;:null,&quot;parallax_transform_value&quot;:null,&quot;smoothness&quot;:null,&quot;offsettop&quot;:null,&quot;offsetbottom&quot;:null,&quot;maxtilt&quot;:null,&quot;scale&quot;:null,&quot;disableaxis&quot;:null},{&quot;_id&quot;:&quot;505fad6&quot;,&quot;image&quot;:null,&quot;pos_x&quot;:{&quot;unit&quot;:&quot;%&quot;,&quot;size&quot;:51,&quot;sizes&quot;:[]},&quot;pos_y&quot;:{&quot;unit&quot;:&quot;%&quot;,&quot;size&quot;:54,&quot;sizes&quot;:[]},&quot;animation&quot;:&quot;ekit-bounce&quot;,&quot;parallax_style&quot;:&quot;animation&quot;,&quot;shape&quot;:null,&quot;width_type&quot;:&quot;&quot;,&quot;animation_tablet&quot;:&quot;&quot;,&quot;animation_mobile&quot;:&quot;&quot;,&quot;item_opacity&quot;:&quot;1&quot;,&quot;animation_speed&quot;:&quot;5&quot;,&quot;parallax_speed&quot;:null,&quot;parallax_transform&quot;:null,&quot;parallax_transform_value&quot;:null,&quot;smoothness&quot;:null,&quot;offsettop&quot;:null,&quot;offsetbottom&quot;:null,&quot;maxtilt&quot;:null,&quot;scale&quot;:null,&quot;disableaxis&quot;:null}]}\">\n\t\t\t\t\t\t\t<div class=\"elementor-background-overlay\"><\/div>\n\t\t\t\t\t\t\t<div class=\"elementor-container elementor-column-gap-default\">\n\t\t\t\t\t<div class=\"elementor-column elementor-col-100 elementor-top-column elementor-element elementor-element-9605b86\" data-id=\"9605b86\" data-element_type=\"column\" data-e-type=\"column\">\n\t\t\t<div class=\"elementor-widget-wrap elementor-element-populated\">\n\t\t\t\t\t\t<section class=\"elementor-section elementor-inner-section elementor-element elementor-element-70e33ef elementor-section-boxed elementor-section-height-default elementor-section-height-default\" data-id=\"70e33ef\" data-element_type=\"section\" data-e-type=\"section\" data-settings=\"{&quot;animation_mobile&quot;:&quot;none&quot;}\">\n\t\t\t\t\t\t<div class=\"elementor-container elementor-column-gap-default\">\n\t\t\t\t\t<div class=\"elementor-column elementor-col-100 elementor-inner-column elementor-element elementor-element-a4be393\" data-id=\"a4be393\" data-element_type=\"column\" data-e-type=\"column\">\n\t\t\t<div class=\"elementor-widget-wrap elementor-element-populated\">\n\t\t\t\t\t\t<div class=\"elementor-element elementor-element-b619609 animated-fast elementor-invisible elementor-widget elementor-widget-elementskit-heading\" data-id=\"b619609\" data-element_type=\"widget\" data-e-type=\"widget\" data-settings=\"{&quot;_animation&quot;:&quot;fadeInUp&quot;,&quot;_animation_mobile&quot;:&quot;none&quot;,&quot;ekit_we_effect_on&quot;:&quot;none&quot;}\" data-widget_type=\"elementskit-heading.default\">\n\t\t\t\t<div class=\"elementor-widget-container\">\n\t\t\t\t\t<div class=\"ekit-wid-con\" ><div class=\"ekit-heading elementskit-section-title-wraper text_left   ekit_heading_tablet-   ekit_heading_mobile-text_left\"><h2 class=\"ekit-heading--title elementskit-section-title \">Programa<\/h2><div class=\"ekit_heading_separetor_wraper ekit_heading_elementskit-border-divider elementskit-style-long\"><div class=\"elementskit-border-divider elementskit-style-long\"><\/div><\/div><p class=\"ekit-heading--subtitle elementskit-section-subtitle  \">\n\t\t\t\t\t\tConfira do programa do evento\n\t\t\t\t\t<\/p><\/div><\/div>\t\t\t\t<\/div>\n\t\t\t\t<\/div>\n\t\t\t\t\t<\/div>\n\t\t<\/div>\n\t\t\t\t\t<\/div>\n\t\t<\/section>\n\t\t\t\t\t<\/div>\n\t\t<\/div>\n\t\t\t\t\t<\/div>\n\t\t<\/section>\n\t\t\t\t<section class=\"elementor-section elementor-top-section elementor-element elementor-element-00bbb92 elementor-section-height-min-height elementor-section-boxed elementor-section-height-default elementor-section-items-middle\" data-id=\"00bbb92\" data-element_type=\"section\" data-e-type=\"section\" data-settings=\"{&quot;ekit_section_parallax_multi_items&quot;:[{&quot;parallax_style&quot;:&quot;mousemove&quot;,&quot;image&quot;:null,&quot;source_rotate&quot;:{&quot;unit&quot;:&quot;deg&quot;,&quot;size&quot;:&quot;0&quot;,&quot;sizes&quot;:[]},&quot;parallax_blur_effect&quot;:{&quot;unit&quot;:&quot;px&quot;,&quot;size&quot;:&quot;0&quot;,&quot;sizes&quot;:[]},&quot;pos_x&quot;:{&quot;unit&quot;:&quot;%&quot;,&quot;size&quot;:&quot;94&quot;,&quot;sizes&quot;:[]},&quot;pos_x_tablet&quot;:{&quot;unit&quot;:&quot;px&quot;,&quot;size&quot;:&quot;-1000&quot;,&quot;sizes&quot;:[]},&quot;pos_x_mobile&quot;:{&quot;unit&quot;:&quot;px&quot;,&quot;size&quot;:&quot;-1000&quot;,&quot;sizes&quot;:[]},&quot;pos_y&quot;:{&quot;unit&quot;:&quot;%&quot;,&quot;size&quot;:&quot;5&quot;,&quot;sizes&quot;:[]},&quot;animation&quot;:null,&quot;parallax_speed&quot;:&quot;40&quot;,&quot;_id&quot;:&quot;5da9378&quot;,&quot;shape&quot;:null,&quot;width_type&quot;:&quot;&quot;,&quot;animation_tablet&quot;:null,&quot;animation_mobile&quot;:null,&quot;item_opacity&quot;:&quot;1&quot;,&quot;animation_speed&quot;:null,&quot;parallax_transform&quot;:null,&quot;parallax_transform_value&quot;:null,&quot;smoothness&quot;:null,&quot;offsettop&quot;:null,&quot;offsetbottom&quot;:null,&quot;maxtilt&quot;:null,&quot;scale&quot;:null,&quot;disableaxis&quot;:null}],&quot;ekit_section_parallax_multi&quot;:&quot;yes&quot;,&quot;background_background&quot;:&quot;classic&quot;}\">\n\t\t\t\t\t\t\t<div class=\"elementor-background-overlay\"><\/div>\n\t\t\t\t\t\t\t<div class=\"elementor-container elementor-column-gap-default\">\n\t\t\t\t\t<div class=\"elementor-column elementor-col-100 elementor-top-column elementor-element elementor-element-db40d5c\" data-id=\"db40d5c\" data-element_type=\"column\" data-e-type=\"column\">\n\t\t\t<div class=\"elementor-widget-wrap elementor-element-populated\">\n\t\t\t\t\t\t<div class=\"elementor-element elementor-element-2c94906 elementor-widget elementor-widget-elementskit-heading\" data-id=\"2c94906\" data-element_type=\"widget\" data-e-type=\"widget\" data-settings=\"{&quot;ekit_we_effect_on&quot;:&quot;none&quot;}\" data-widget_type=\"elementskit-heading.default\">\n\t\t\t\t<div class=\"elementor-widget-container\">\n\t\t\t\t\t<div class=\"ekit-wid-con\" ><div class=\"ekit-heading elementskit-section-title-wraper text_left   ekit_heading_tablet-   ekit_heading_mobile-\"><h5 class=\"ekit-heading--title elementskit-section-title \">Confira abaixo a programa\u00e7\u00e3o<\/h5><div class=\"ekit_heading_separetor_wraper ekit_heading_elementskit-border-divider ekit-dotted\"><div class=\"elementskit-border-divider ekit-dotted\"><\/div><\/div><\/div><\/div>\t\t\t\t<\/div>\n\t\t\t\t<\/div>\n\t\t\t\t\t<\/div>\n\t\t<\/div>\n\t\t\t\t\t<\/div>\n\t\t<\/section>\n\t\t\t\t<section class=\"elementor-section elementor-top-section elementor-element elementor-element-1e54b5f elementor-section-boxed elementor-section-height-default elementor-section-height-default\" data-id=\"1e54b5f\" data-element_type=\"section\" data-e-type=\"section\">\n\t\t\t\t\t\t<div class=\"elementor-container elementor-column-gap-default\">\n\t\t\t\t\t<div class=\"elementor-column elementor-col-100 elementor-top-column elementor-element elementor-element-b3dd821\" data-id=\"b3dd821\" data-element_type=\"column\" data-e-type=\"column\">\n\t\t\t<div class=\"elementor-widget-wrap elementor-element-populated\">\n\t\t\t\t\t\t<div class=\"elementor-element elementor-element-4d25a74 elementor-widget elementor-widget-html\" data-id=\"4d25a74\" data-element_type=\"widget\" data-e-type=\"widget\" data-settings=\"{&quot;ekit_we_effect_on&quot;:&quot;none&quot;}\" data-widget_type=\"html.default\">\n\t\t\t\t<div class=\"elementor-widget-container\">\n\t\t\t\t\t<div class=\"tabs-container\">\r\n    <div class=\"tabs-menu\">\r\n        <button class=\"tab-btn active\" onclick=\"openTab(event, 'dia-28')\">28 Abril - Ter\u00e7a-feira<\/button>\r\n        <button class=\"tab-btn\" onclick=\"openTab(event, 'dia-29')\">29 Abril - Quarta-feira<\/button>\r\n        <button class=\"tab-btn\" onclick=\"openTab(event, 'dia-30')\">30 Abril - Quinta-feira<\/button>\r\n    <\/div>\r\n<div id=\"dia-28\" class=\"tab-content active\">\r\n   <section id=\"dia-28\" class=\"programacao-container\">\r\n    <header class=\"dia-header-clean\">\r\n        <h2 class=\"titulo-dia\">28\/04 - Ter\u00e7a-Feira<\/h2>\r\n        <p class=\"subtitulo-tema\">Confer\u00eancia com Laborat\u00f3rios de Ensaio e Calibra\u00e7\u00e3o, Produtores de Materiais de Refer\u00eancia e Provedores de Ensaios de Profici\u00eancia<\/p>\r\n    <\/header>\r\n\r\n    <div class=\"atividade-card\">\r\n        <div class=\"horario\">08 h<\/div>\r\n        <div class=\"conteudo\">\r\n            <h3>Credenciamento<\/h3>\r\n        <\/div>\r\n    <\/div>\r\n\r\n    <div class=\"atividade-card destaque\">\r\n        <div class=\"horario\">08 h 30 min<\/div>\r\n        <div class=\"conteudo\">\r\n            <h3>Cerim\u00f4nia de Abertura<\/h3>\r\n            <ul class=\"palestrantes\">\r\n                <li><strong>M\u00e1rcio Andr\u00e9 Oliveira Brito<\/strong> - Presidente do Inmetro<\/li>\r\n                <li><strong>Alexandre Mendes<\/strong> - Presidente da SBM<\/li>\r\n                <li><strong>Representante da Firjan<\/strong><\/li>\r\n                <li><strong>Andrea Melo<\/strong> - Coordenadora-Geral de Acredita\u00e7\u00e3o (CGCRE)<\/li>\r\n            <\/ul>\r\n            <div class=\"tag-lancamento\">Lan\u00e7amento da acredita\u00e7\u00e3o Biobancos<\/div>\r\n        <\/div>\r\n    <\/div>\r\n\r\n    <div class=\"atividade-card\">\r\n        <div class=\"horario\">09 h 30 min<\/div>\r\n        <div class=\"conteudo\">\r\n            <h3>Infraestrutura da Qualidade e Acredita\u00e7\u00e3o de Laborat\u00f3rios<\/h3>\r\n            <p class=\"palestrante-principal\"><strong>Elisa Rosa<\/strong> - Chefe da Divis\u00e3o de Acredita\u00e7\u00e3o de Laborat\u00f3rios<\/p>\r\n        <\/div>\r\n    <\/div>\r\n\r\n    <div class=\"atividade-card intervalo\">\r\n        <div class=\"horario\">10 h - 10 h 30 min<\/div>\r\n        <div class=\"conteudo\">\r\n            <span class=\"icon\">\u2615<\/span> Coffee Break\r\n        <\/div>\r\n    <\/div>\r\n\r\n    <div class=\"atividade-card\">\r\n        <div class=\"horario\">10 h 30 min<\/div>\r\n        <div class=\"conteudo\">\r\n            <h3>Divis\u00e3o de Acredita\u00e7\u00e3o de Laborat\u00f3rios<\/h3>\r\n            <p>Infraestrutura da Qualidade e papel dos laborat\u00f3rios<\/p>\r\n        <\/div>\r\n    <\/div>\r\n\r\n    <div class=\"atividade-card\">\r\n        <div class=\"horario\">11 h 40 min<\/div>\r\n        <div class=\"conteudo\">\r\n            <h3>Universidade Corporativa do Inmetro - UnInmetro<\/h3>\r\n            <p><strong>Tatiana Claro<\/strong> - Gestora da Universidade Corporativa do Inmetro<\/p>\r\n        <\/div>\r\n    <\/div>\r\n\r\n    <div class=\"atividade-card intervalo\">\r\n        <div class=\"horario\">12 h - 13 h 30 min<\/div>\r\n        <div class=\"conteudo\">\r\n            <span class=\"icon\">\ud83c\udf7d\ufe0f<\/span> Intervalo para Almo\u00e7o\r\n        <\/div>\r\n    <\/div>\r\n\r\n    <div class=\"atividade-card mesa-redonda\">\r\n        <div class=\"horario\">13 h 30 min<\/div>\r\n        <div class=\"conteudo\">\r\n            <h3>Mesa redonda: Confian\u00e7a t\u00e9cnica: A Import\u00e2ncia da Acredita\u00e7\u00e3o de Laborat\u00f3rios na Atua\u00e7\u00e3o dos \u00d3rg\u00e3os Regulamentadores<\/h3>\r\n            <ul class=\"participantes-lista\">\r\n                <li><strong>SENASP<\/strong><\/li>\r\n                <li><strong>ANP:<\/strong> Cristiane Zulivia de Andrade Monteiro<\/li>\r\n                <li><strong>Dconf:<\/strong> Hercules Antonio da Silva Souza<\/li>\r\n            <\/ul>\r\n        <\/div>\r\n    <\/div>\r\n\r\n    <div class=\"atividade-card intervalo\">\r\n        <div class=\"horario\">15 h - 15 h 30 min<\/div>\r\n        <div class=\"conteudo\">\r\n            <span class=\"icon\">\u2615<\/span> Coffee Break\r\n        <\/div>\r\n    <\/div>\r\n\r\n    <div class=\"atividade-card destaque-ouro\">\r\n        <div class=\"horario\">15 h 30 min<\/div>\r\n        <div class=\"conteudo\">\r\n            <h3>Vis\u00e3o do setor acreditado<\/h3>\r\n            <ul class=\"palestrantes\">\r\n                <li>Laborat\u00f3rios (10 min)<\/li>\r\n                <li><strong>ABRIQ:<\/strong> Rodrigo Bittencourt (10 min)<\/li>\r\n                <li><strong>Apresenta\u00e7\u00e3o SGS:<\/strong> Fabio Sianga (10 min - Patroc\u00ednio Ouro)<\/li>\r\n                <li>Manifesta\u00e7\u00e3o da Plen\u00e1ria (30 min)<\/li>\r\n            <\/ul>\r\n        <\/div>\r\n    <\/div>\r\n\r\n    <div class=\"atividade-card fechamento\">\r\n        <div class=\"horario\">16 h 30 min<\/div>\r\n        <div class=\"conteudo\">\r\n            <h3>Fechamento do Dia<\/h3>\r\n            <p>Coordena\u00e7\u00e3o-Geral de Acredita\u00e7\u00e3o (CGCRE)<\/p>\r\n        <\/div>\r\n    <\/div>\r\n<\/section>\r\n<\/div>\r\n<div id=\"dia-29\" class=\"tab-content\">\r\n <section class=\"programacao-container\">\r\n    <header class=\"dia-header-clean\">\r\n        <h2 class=\"titulo-dia\">29\/04 - Quarta-Feira<\/h2>\r\n        <p class=\"subtitulo-tema\">Confer\u00eancia com Organismos de Inspe\u00e7\u00e3o<\/p>\r\n    <\/header>\r\n\r\n    <div class=\"atividade-card\">\r\n        <div class=\"horario\">08 h<\/div>\r\n        <div class=\"conteudo\">\r\n            <h3>Credenciamento<\/h3>\r\n        <\/div>\r\n    <\/div>\r\n\r\n    <div class=\"atividade-card destaque\">\r\n        <div class=\"horario\">08 h 30 min<\/div>\r\n        <div class=\"conteudo\">\r\n            <h3>Abertura do Dia<\/h3>\r\n            <p><strong>Andrea Melo<\/strong> - Coordenadora-Geral de Acredita\u00e7\u00e3o (CGCRE)<\/p> \r\n        <\/div>\r\n    <\/div>\r\n\r\n    <div class=\"atividade-card\">\r\n        <div class=\"horario\">09 h 30 min<\/div>\r\n        <div class=\"conteudo\">\r\n            <h3>Divis\u00e3o de Acredita\u00e7\u00e3o de Organismos de Inspe\u00e7\u00e3o<\/h3>\r\n            <p>Confian\u00e7a em campo: inspe\u00e7\u00e3o e gest\u00e3o de risco<\/p> \r\n            <p class=\"palestrante-principal\"><strong>Lu\u00eds Caldas<\/strong> - Chefe da Divis\u00e3o de Acredita\u00e7\u00e3o de Organismos de Inspe\u00e7\u00e3o<\/p> \r\n        <\/div>\r\n    <\/div>\r\n\r\n    <div class=\"atividade-card intervalo\">\r\n        <div class=\"horario\">10 h - 10 h 30 min<\/div>\r\n        <div class=\"conteudo\">\r\n            <span class=\"icon\">\u2615<\/span> Coffee Break\r\n        <\/div> \r\n    <\/div>\r\n\r\n    <div class=\"atividade-card\">\r\n        <div class=\"horario\">10 h 30 min<\/div>\r\n        <div class=\"conteudo\">\r\n            <h3>Divis\u00e3o de Acredita\u00e7\u00e3o de Organismos de Inspe\u00e7\u00e3o<\/h3>\r\n            <p>Confian\u00e7a em campo: inspe\u00e7\u00e3o e gest\u00e3o de risco (Continua\u00e7\u00e3o)<\/p> \r\n        <\/div>\r\n    <\/div>\r\n\r\n    <div class=\"atividade-card\">\r\n        <div class=\"horario\">11 h 40 min<\/div>\r\n        <div class=\"conteudo\">\r\n            <h3>Universidade Corporativa do Inmetro - UnInmetro<\/h3>\r\n            <p><strong>Tatiana Claro<\/strong> - Gestora de Universidade Corporativa do Inmetro<\/p> \r\n        <\/div>\r\n    <\/div>\r\n\r\n    <div class=\"atividade-card intervalo\">\r\n        <div class=\"horario\">12 h - 13 h 30 min<\/div>\r\n        <div class=\"conteudo\">\r\n            <span class=\"icon\">\ud83c\udf7d\ufe0f<\/span> Intervalo para Almo\u00e7o\r\n        <\/div> \r\n    <\/div>\r\n\r\n    <div class=\"atividade-card\">\r\n        <div class=\"horario\">13 h 30 min<\/div>\r\n        <div class=\"conteudo\">\r\n            <h3>A nova revis\u00e3o da ISO\/IEC 17020<\/h3>\r\n            <p><strong>Ilse Delgado<\/strong> - Co-convenor do grupo ISO\/CASCO\/WG 31<\/p> \r\n        <\/div>\r\n    <\/div>\r\n\r\n    <div class=\"atividade-card mesa-redonda\">\r\n        <div class=\"horario\">14 h<\/div>\r\n        <div class=\"conteudo\">\r\n            <h3>Mesa Redonda: Confian\u00e7a operacional: inspe\u00e7\u00e3o e gest\u00e3o de risco<\/h3>\r\n            <ul class=\"participantes-lista\">\r\n                <li><strong>ANTT:<\/strong> Clauber Santos Campello \/ Cl\u00e1udio Ren\u00ea Valadares Lobato<\/li> \r\n                <li><strong>ARTESP:<\/strong> Marcele Dorneles Bravo<\/li> \r\n                <li><strong>Dconf:<\/strong> Hercules Antonio da Silva Souza<\/li> \r\n                <li><strong>FNDE:<\/strong> Regina Gon\u00e7alves Andrade \/ Felipe Neves de Carvalho<\/li> \r\n             \r\n                <li><strong>SENATRAN:<\/strong> Daniel Tavares<\/li> \r\n            <\/ul>\r\n        <\/div>\r\n    <\/div>\r\n\r\n    <div class=\"atividade-card intervalo\">\r\n        <div class=\"horario\">15 h - 15 h 30 min<\/div>\r\n        <div class=\"conteudo\">\r\n            <span class=\"icon\">\u2615<\/span> Coffee Break\r\n        <\/div> \r\n    <\/div>\r\n\r\n    <div class=\"atividade-card destaque-ouro\">\r\n        <div class=\"horario\">15 h 30 min<\/div>\r\n        <div class=\"conteudo\">\r\n            <h3>Vis\u00e3o do setor acreditado<\/h3>\r\n            <ul class=\"palestrantes\">\r\n                <li><strong>FENIVE:<\/strong> Adriana Cristina de Castro Guimar\u00e3es (20 min)<\/li> \r\n                <li><strong>ABRIQ:<\/strong> Jefferson Carvalho da Silva (10 min)<\/li> \r\n                <li><strong>Apresenta\u00e7\u00e3o SGS:<\/strong> Fabio Sianga (10 min - Patroc\u00ednio Ouro)<\/li> \r\n                <li><strong>ASSINSP:<\/strong> Willian Cesar Certo Borges \/ Jorge Alberto Soares (10 min)<\/li>\r\n                <li>Manifesta\u00e7\u00e3o da plen\u00e1ria (10 min)<\/li> \r\n            <\/ul>\r\n        <\/div>\r\n    <\/div>\r\n\r\n    <div class=\"atividade-card fechamento\">\r\n        <div class=\"horario\">16 h 30 min<\/div>\r\n        <div class=\"conteudo\">\r\n            <h3>Fechamento do Dia<\/h3>\r\n            <p>Coordena\u00e7\u00e3o-Geral de Acredita\u00e7\u00e3o (CGCRE)<\/p> \r\n        <\/div>\r\n    <\/div>\r\n<\/section>\r\n<\/div>\r\n<div id=\"dia-30\" class=\"tab-content\">\r\n    <section class=\"programacao-container\">\r\n        <header class=\"dia-header-clean\">\r\n            <h2 class=\"titulo-dia\">30\/04 - Quinta-Feira<\/h2>\r\n            <p class=\"subtitulo-tema\">Confer\u00eancia com Organismos de Certifica\u00e7\u00e3o e de Verifica\u00e7\u00e3o<\/p>\r\n        <\/header>\r\n\r\n        <div class=\"atividade-card\">\r\n            <div class=\"horario\">08 h<\/div>\r\n            <div class=\"conteudo\">\r\n                <h3>Credenciamento<\/h3>\r\n            <\/div>\r\n        <\/div>\r\n\r\n        <div class=\"atividade-card destaque\">\r\n            <div class=\"horario\">08 h 30 min<\/div>\r\n            <div class=\"conteudo\">\r\n                <h3>Abertura do Dia<\/h3>\r\n                <p><strong>Andrea Melo<\/strong> - Coordenadora-Geral de Acredita\u00e7\u00e3o (CGCRE)<\/p>\r\n            <\/div>\r\n        <\/div>\r\n\r\n        <div class=\"atividade-card\">\r\n            <div class=\"horario\">09 h 30 min<\/div>\r\n            <div class=\"conteudo\">\r\n                <h3>Divis\u00e3o de Acredita\u00e7\u00e3o de Organismos de Certifica\u00e7\u00e3o<\/h3>\r\n                <h3>Certifica\u00e7\u00e3o e acesso a mercados<\/h3>\r\n                <p><strong>Antonio Mario<\/strong> - Chefe da Divis\u00e3o de Acredita\u00e7\u00e3o de Organismos de Certifica\u00e7\u00e3o<\/p>\r\n            <\/div>\r\n        <\/div>\r\n\r\n        <div class=\"atividade-card intervalo\">\r\n            <div class=\"horario\">10 h - 10 h 30 min<\/div>\r\n            <div class=\"conteudo\">\r\n                <span class=\"icon\">\u2615<\/span> Coffee Break\r\n            <\/div>\r\n        <\/div>\r\n\r\n        <div class=\"atividade-card\">\r\n            <div class=\"horario\">10 h 30 min<\/div>\r\n            <div class=\"conteudo\">\r\n                <h3>Divis\u00e3o de Acredita\u00e7\u00e3o de Organismos de Certifica\u00e7\u00e3o<\/h3>\r\n                <p>Certifica\u00e7\u00e3o e acesso a mercados (Continua\u00e7\u00e3o)<\/p>\r\n            <\/div>\r\n        <\/div>\r\n\r\n        <div class=\"atividade-card\">\r\n            <div class=\"horario\">11 h 40 min<\/div>\r\n            <div class=\"conteudo\">\r\n                <h3>Universidade Corporativa do Inmetro - UnInmetro<\/h3>\r\n                <p><strong>Tatiana Claro<\/strong> - Gestora de Universidade Corporativa do Inmetro<\/p>\r\n            <\/div>\r\n        <\/div>\r\n\r\n        <div class=\"atividade-card intervalo\">\r\n            <div class=\"horario\">12 h - 13 h 30 min<\/div>\r\n            <div class=\"conteudo\">\r\n                <span class=\"icon\">\ud83c\udf7d\ufe0f<\/span> Intervalo para Almo\u00e7o\r\n            <\/div>\r\n        <\/div>\r\n\r\n        <div class=\"atividade-card mesa-redonda\">\r\n            <div class=\"horario\">13 h 30 min<\/div>\r\n            <div class=\"conteudo\">\r\n                <h3>Mesa redonda: Confian\u00e7a de mercado: certifica\u00e7\u00e3o, verifica\u00e7\u00e3o, valida\u00e7\u00e3o e competitividade<\/h3>\r\n                <ul class=\"participantes-lista\">\r\n                    <li><strong>IPMF\/PEFC Brasil:<\/strong> Isabela Reis de Almeida<\/li>\r\n                    <li><strong>FSSC:<\/strong> Juliani Hitomi Arimura<\/li>\r\n                    <li><strong>FGV\/EASP<\/strong><\/li>\r\n                    <li><strong>Dconf:<\/strong> Hercules Antonio da Silva Souza<\/li>\r\n                    <li><strong>DFPC:<\/strong> Bernardo Camargo da Silva<\/li>\r\n                <\/ul>\r\n            <\/div>\r\n        <\/div>\r\n\r\n        <div class=\"atividade-card intervalo\">\r\n            <div class=\"horario\">15 h - 15 h 30 min<\/div>\r\n            <div class=\"conteudo\">\r\n                <span class=\"icon\">\u2615<\/span> Coffee Break\r\n            <\/div>\r\n        <\/div>\r\n\r\n        <div class=\"atividade-card destaque-ouro\">\r\n            <div class=\"horario\">15 h 30 min<\/div>\r\n            <div class=\"conteudo\">\r\n                <h3>Vis\u00e3o do setor acreditado<\/h3>\r\n                <ul class=\"palestrantes\">\r\n                    <li><strong>ABRIQ:<\/strong> Luiz Ferri (10 min)<\/li>\r\n                    <li><strong>Apresenta\u00e7\u00e3o SGS:<\/strong> Fabio Sianga (10 min - Patroc\u00ednio Ouro)<\/li>\r\n                    <li>Manifesta\u00e7\u00e3o da plen\u00e1ria (40 min)<\/li>\r\n                <\/ul>\r\n            <\/div>\r\n        <\/div>\r\n\r\n        <div class=\"atividade-card fechamento\">\r\n            <div class=\"horario\">16 h 30 min<\/div>\r\n            <div class=\"conteudo\">\r\n                <h3>Fechamento do Dia<\/h3>\r\n                <p>Coordena\u00e7\u00e3o-Geral de Acredita\u00e7\u00e3o (CGCRE)<\/p>\r\n            <\/div>\r\n        <\/div>\r\n    <\/section>\r\n<\/div>\r\n<\/div>\r\n\r\n<script>\r\nfunction openTab(evt, dayId) {\r\n    \/\/ Esconde todos os conte\u00fados\r\n    const contents = document.getElementsByClassName(\"tab-content\");\r\n    for (let i = 0; i < contents.length; i++) {\r\n        contents[i].className = contents[i].className.replace(\" active\", \"\");\r\n    }\r\n\r\n    \/\/ Remove a classe 'active' de todos os bot\u00f5es\r\n    const buttons = document.getElementsByClassName(\"tab-btn\");\r\n    for (let i = 0; i < buttons.length; i++) {\r\n        buttons[i].className = buttons[i].className.replace(\" active\", \"\");\r\n    }\r\n\r\n    \/\/ Mostra o dia atual e adiciona classe ativa ao bot\u00e3o\r\n    document.getElementById(dayId).className += \" active\";\r\n    evt.currentTarget.className += \" active\";\r\n}\r\n<\/script>\t\t\t\t<\/div>\n\t\t\t\t<\/div>\n\t\t\t\t\t<\/div>\n\t\t<\/div>\n\t\t\t\t\t<\/div>\n\t\t<\/section>\n\t\t\t\t<\/div>\n\t\t\n    <div class=\"xs_social_share_widget xs_share_url after_content \t\tmain_content  wslu-style-1 wslu-share-box-shaped wslu-fill-colored wslu-none wslu-share-horizontal wslu-theme-font-no wslu-main_content\">\n\n\t\t\n        <ul>\n\t\t\t        <\/ul>\n    <\/div> \n","protected":false},"excerpt":{"rendered":"<p>Programa Confira do programa do evento Confira abaixo a programa\u00e7\u00e3o 28 Abril &#8211; Ter\u00e7a-feira 29 Abril &#8211; Quarta-feira 30 Abril &#8211; Quinta-feira 28\/04 &#8211; Ter\u00e7a-Feira Confer\u00eancia com Laborat\u00f3rios de Ensaio e Calibra\u00e7\u00e3o, Produtores de Materiais de Refer\u00eancia e Provedores de Ensaios de Profici\u00eancia 08 h Credenciamento 08 h 30 min Cerim\u00f4nia de Abertura M\u00e1rcio Andr\u00e9 [&hellip;]<\/p>\n","protected":false},"author":1,"featured_media":8635,"parent":0,"menu_order":0,"comment_status":"closed","ping_status":"closed","template":"elementor_header_footer","meta":{"_acf_changed":false,"_monsterinsights_skip_tracking":false,"_monsterinsights_sitenote_active":false,"_monsterinsights_sitenote_note":"","_monsterinsights_sitenote_category":0,"_joinchat":[],"footnotes":""},"class_list":["post-8694","page","type-page","status-publish","has-post-thumbnail","hentry"],"acf":[],"aioseo_notices":[],"_links":{"self":[{"href":"https:\/\/enoac.org.br\/2026\/wp-json\/wp\/v2\/pages\/8694","targetHints":{"allow":["GET"]}}],"collection":[{"href":"https:\/\/enoac.org.br\/2026\/wp-json\/wp\/v2\/pages"}],"about":[{"href":"https:\/\/enoac.org.br\/2026\/wp-json\/wp\/v2\/types\/page"}],"author":[{"embeddable":true,"href":"https:\/\/enoac.org.br\/2026\/wp-json\/wp\/v2\/users\/1"}],"replies":[{"embeddable":true,"href":"https:\/\/enoac.org.br\/2026\/wp-json\/wp\/v2\/comments?post=8694"}],"version-history":[{"count":46,"href":"https:\/\/enoac.org.br\/2026\/wp-json\/wp\/v2\/pages\/8694\/revisions"}],"predecessor-version":[{"id":11121,"href":"https:\/\/enoac.org.br\/2026\/wp-json\/wp\/v2\/pages\/8694\/revisions\/11121"}],"wp:featuredmedia":[{"embeddable":true,"href":"https:\/\/enoac.org.br\/2026\/wp-json\/wp\/v2\/media\/8635"}],"wp:attachment":[{"href":"https:\/\/enoac.org.br\/2026\/wp-json\/wp\/v2\/media?parent=8694"}],"curies":[{"name":"wp","href":"https:\/\/api.w.org\/{rel}","templated":true}]}}